{"id":1108,"date":"2025-03-27T11:08:37","date_gmt":"2025-03-27T11:08:37","guid":{"rendered":"https:\/\/contrafoc.net\/accessibility-statement-2\/"},"modified":"2025-03-27T11:11:50","modified_gmt":"2025-03-27T11:11:50","slug":"declaracio-daccessibilitat","status":"publish","type":"page","link":"https:\/\/contrafoc.net\/ca\/declaracio-daccessibilitat\/","title":{"rendered":"Declaraci\u00f3 d&#8217;accessibilitat"},"content":{"rendered":"\n<h6 class=\"wp-block-heading has-text-align-center\">Declaraci\u00f3 d&#8217;accessibilitat per https:\/\/contrafoc.net\/<\/h6>\n\n\n\n<p>Contrafoc es compromet a garantir l&#8217;accessibilitat digital de les persones amb discapacitat. Estem millorant cont\u00ednuament l&#8217;experi\u00e8ncia d&#8217;usuari per a tothom i aplicant els est\u00e0ndards d&#8217;accessibilitat pertinents.<\/p>\n\n\n\n<h6 class=\"wp-block-heading\">Estat de conformitat<\/h6>\n\n\n\n<p>Les Directrius d&#8217;accessibilitat de contingut web (WCAG) defineixen requisits per als dissenyadors i desenvolupadors per millorar l&#8217;accessibilitat per a les persones amb discapacitat. Defineix tres nivells de conformitat: Nivell A, Nivell AA i Nivell AAA.A, Level AA, and Level AAA.<\/p>\n\n\n\n<p>Contrafoc est\u00e0 fent esfor\u00e7os constants per millorar l&#8217;accessibilitat del seu lloc i serveis en la creen\u00e7a que \u00e9s la nostra obligaci\u00f3 moral col\u00b7lectiva permetre un \u00fas fluid, accessible i sense obstacles per a aquells de nosaltres amb discapacitat.<\/p>\n\n\n\n<p>Pretenem fer accessibles totes les p\u00e0gines i continguts a https:\/\/contrafoc.net\/, per\u00f2 \u00e9s possible que alguns continguts encara no compleixin totalment els est\u00e0ndards d&#8217;accessibilitat m\u00e9s alts. Aix\u00f2 podria ser degut als reptes per identificar la soluci\u00f3 tecnol\u00f2gica m\u00e9s adequada.<\/p>\n\n\n\n<p>Podem revisar aquesta Declaraci\u00f3 peri\u00f2dicament per reflectir millores o canvis a les nostres pr\u00e0ctiques d&#8217;accessibilitat.<\/p>\n\n\n\n<p><strong>Feedback<\/strong><\/p>\n\n\n\n<p>Agra\u00efm els vostres comentaris sobre l&#8217;accessibilitat del lloc web de Contrafoc. Si us plau, feu-nos saber si trobeu barreres d&#8217;accessibilitat al nostre lloc web:<\/p>\n\n\n\n<p>Correu electr\u00f2nic: administracion@contrafoc.net<\/p>\n\n\n\n<p>Intentem respondre als comentaris en un termini de 3 a 5 dies laborables.<\/p>\n\n\n\n<p>Aquesta declaraci\u00f3 es va crear el 27\/3\/2025.<\/p>\n","protected":false},"excerpt":{"rendered":"<p>Declaraci\u00f3 d&#8217;accessibilitat per https:\/\/contrafoc.net\/ Contrafoc es compromet a garantir l&#8217;accessibilitat digital de les persones amb discapacitat. Estem millorant cont\u00ednuament l&#8217;experi\u00e8ncia d&#8217;usuari per a tothom i aplicant els est\u00e0ndards d&#8217;accessibilitat pertinents. Estat de conformitat Les Directrius d&#8217;accessibilitat de contingut web (WCAG) defineixen requisits per als dissenyadors i desenvolupadors per millorar l&#8217;accessibilitat per a les persones amb [&hellip;]<\/p>\n","protected":false},"author":1,"featured_media":0,"parent":0,"menu_order":0,"comment_status":"closed","ping_status":"closed","template":"","meta":{"_acf_changed":false,"site-sidebar-layout":"default","site-content-layout":"","ast-site-content-layout":"default","site-content-style":"default","site-sidebar-style":"default","ast-global-header-display":"","ast-banner-title-visibility":"","ast-main-header-display":"","ast-hfb-above-header-display":"","ast-hfb-below-header-display":"","ast-hfb-mobile-header-display":"","site-post-title":"","ast-breadcrumbs-content":"","ast-featured-img":"","footer-sml-layout":"","ast-disable-related-posts":"","theme-transparent-header-meta":"","adv-header-id-meta":"","stick-header-meta":"","header-above-stick-meta":"","header-main-stick-meta":"","header-below-stick-meta":"","astra-migrate-meta-layouts":"set","ast-page-background-enabled":"default","ast-page-background-meta":{"desktop":{"background-color":"var(--ast-global-color-4)","background-image":"","background-repeat":"repeat","background-position":"center center","background-size":"auto","background-attachment":"scroll","background-type":"","background-media":"","overlay-type":"","overlay-color":"","overlay-opacity":"","overlay-gradient":""},"tablet":{"background-color":"","background-image":"","background-repeat":"repeat","background-position":"center center","background-size":"auto","background-attachment":"scroll","background-type":"","background-media":"","overlay-type":"","overlay-color":"","overlay-opacity":"","overlay-gradient":""},"mobile":{"background-color":"","background-image":"","background-repeat":"repeat","background-position":"center center","background-size":"auto","background-attachment":"scroll","background-type":"","background-media":"","overlay-type":"","overlay-color":"","overlay-opacity":"","overlay-gradient":""}},"ast-content-background-meta":{"desktop":{"background-color":"var(--ast-global-color-5)","background-image":"","background-repeat":"repeat","background-position":"center center","background-size":"auto","background-attachment":"scroll","background-type":"","background-media":"","overlay-type":"","overlay-color":"","overlay-opacity":"","overlay-gradient":""},"tablet":{"background-color":"var(--ast-global-color-5)","background-image":"","background-repeat":"repeat","background-position":"center center","background-size":"auto","background-attachment":"scroll","background-type":"","background-media":"","overlay-type":"","overlay-color":"","overlay-opacity":"","overlay-gradient":""},"mobile":{"background-color":"var(--ast-global-color-5)","background-image":"","background-repeat":"repeat","background-position":"center center","background-size":"auto","background-attachment":"scroll","background-type":"","background-media":"","overlay-type":"","overlay-color":"","overlay-opacity":"","overlay-gradient":""}},"footnotes":""},"class_list":["post-1108","page","type-page","status-publish","hentry"],"acf":[],"_links":{"self":[{"href":"https:\/\/contrafoc.net\/ca\/wp-json\/wp\/v2\/pages\/1108","targetHints":{"allow":["GET"]}}],"collection":[{"href":"https:\/\/contrafoc.net\/ca\/wp-json\/wp\/v2\/pages"}],"about":[{"href":"https:\/\/contrafoc.net\/ca\/wp-json\/wp\/v2\/types\/page"}],"author":[{"embeddable":true,"href":"https:\/\/contrafoc.net\/ca\/wp-json\/wp\/v2\/users\/1"}],"replies":[{"embeddable":true,"href":"https:\/\/contrafoc.net\/ca\/wp-json\/wp\/v2\/comments?post=1108"}],"version-history":[{"count":1,"href":"https:\/\/contrafoc.net\/ca\/wp-json\/wp\/v2\/pages\/1108\/revisions"}],"predecessor-version":[{"id":1110,"href":"https:\/\/contrafoc.net\/ca\/wp-json\/wp\/v2\/pages\/1108\/revisions\/1110"}],"wp:attachment":[{"href":"https:\/\/contrafoc.net\/ca\/wp-json\/wp\/v2\/media?parent=1108"}],"curies":[{"name":"wp","href":"https:\/\/api.w.org\/{rel}","templated":true}]}}