{"id":67,"date":"2023-03-03T16:59:09","date_gmt":"2023-03-03T16:59:09","guid":{"rendered":"https:\/\/novaweb.contrafoc.net\/?page_id=67"},"modified":"2023-03-06T17:24:37","modified_gmt":"2023-03-06T17:24:37","slug":"contrafoc-proteccio-contra-incendi","status":"publish","type":"page","link":"https:\/\/contrafoc.net\/ca\/contrafoc-proteccio-contra-incendi\/","title":{"rendered":"Contrafoc, Protecci\u00f3 contra incendis."},"content":{"rendered":"\t\t<div data-elementor-type=\"wp-page\" data-elementor-id=\"67\" class=\"elementor elementor-67\" data-elementor-post-type=\"page\">\n\t\t\t\t\t\t<section class=\"elementor-section elementor-top-section elementor-element elementor-element-e624e78 elementor-section-boxed elementor-section-height-default elementor-section-height-default\" data-id=\"e624e78\" data-element_type=\"section\" data-e-type=\"section\">\n\t\t\t\t\t\t<div class=\"elementor-container elementor-column-gap-default\">\n\t\t\t\t\t<div class=\"elementor-column elementor-col-100 elementor-top-column elementor-element elementor-element-3608727\" data-id=\"3608727\" data-element_type=\"column\" data-e-type=\"column\" data-settings=\"{&quot;background_background&quot;:&quot;classic&quot;}\">\n\t\t\t<div class=\"elementor-widget-wrap elementor-element-populated\">\n\t\t\t\t\t\t<div class=\"elementor-element elementor-element-e06f8e6 elementor-widget elementor-widget-woocommerce-breadcrumb\" data-id=\"e06f8e6\" data-element_type=\"widget\" data-e-type=\"widget\" data-widget_type=\"woocommerce-breadcrumb.default\">\n\t\t\t\t<div class=\"elementor-widget-container\">\n\t\t\t\t\t<nav class=\"woocommerce-breadcrumb\" aria-label=\"Breadcrumb\">Inici<\/nav>\t\t\t\t<\/div>\n\t\t\t\t<\/div>\n\t\t\t\t\t<\/div>\n\t\t<\/div>\n\t\t\t\t\t<\/div>\n\t\t<\/section>\n\t\t\t\t<section class=\"elementor-section elementor-top-section elementor-element elementor-element-4e3a35e0 elementor-section-boxed elementor-section-height-default elementor-section-height-default\" data-id=\"4e3a35e0\" data-element_type=\"section\" data-e-type=\"section\">\n\t\t\t\t\t\t<div class=\"elementor-container elementor-column-gap-default\">\n\t\t\t\t\t<div class=\"elementor-column elementor-col-66 elementor-top-column elementor-element elementor-element-1558007e\" data-id=\"1558007e\" data-element_type=\"column\" data-e-type=\"column\">\n\t\t\t<div class=\"elementor-widget-wrap elementor-element-populated\">\n\t\t\t\t\t\t<section class=\"elementor-section elementor-inner-section elementor-element elementor-element-5d3c4910 elementor-section-boxed elementor-section-height-default elementor-section-height-default\" data-id=\"5d3c4910\" data-element_type=\"section\" data-e-type=\"section\">\n\t\t\t\t\t\t<div class=\"elementor-container elementor-column-gap-default\">\n\t\t\t\t\t<div class=\"elementor-column elementor-col-100 elementor-inner-column elementor-element elementor-element-3d2b4358\" data-id=\"3d2b4358\" data-element_type=\"column\" data-e-type=\"column\" data-settings=\"{&quot;background_background&quot;:&quot;classic&quot;}\">\n\t\t\t<div class=\"elementor-widget-wrap elementor-element-populated\">\n\t\t\t\t\t\t<div class=\"elementor-element elementor-element-6407cbb elementor-widget elementor-widget-heading\" data-id=\"6407cbb\" data-element_type=\"widget\" data-e-type=\"widget\" data-widget_type=\"heading.default\">\n\t\t\t\t<div class=\"elementor-widget-container\">\n\t\t\t\t\t<h1 class=\"elementor-heading-title elementor-size-default\">Contrafoc, Protecci\u00f3 contra incendis.<\/h1>\t\t\t\t<\/div>\n\t\t\t\t<\/div>\n\t\t\t\t<div class=\"elementor-element elementor-element-6b2c572 elementor-widget elementor-widget-text-editor\" data-id=\"6b2c572\" data-element_type=\"widget\" data-e-type=\"widget\" data-widget_type=\"text-editor.default\">\n\t\t\t\t<div class=\"elementor-widget-container\">\n\t\t\t\t\t\t\t\t\t<p>CONTRAFOC PROTECCI\u00d3 CONTRA INCENDIS \u00e9s una empresa dedicada a la venda, instal\u00b7laci\u00f3 de material i manteniment dins l\u2019\u00e0mbit de protecci\u00f3 contra incendis acreditada i autoritzada pels serveis de Industria de la Generalitat de Catalunya amb n\u00famero de REIC-430021533.<\/p><p>Constitu\u00efda al 1992 CONTRAFOC PROTECCI\u00d3 CONTRA INCENDIS \u00e9s una empresa l\u00edder en mat\u00e8ria de protecci\u00f3 contra incendis, amb una llarga i acreditada experi\u00e8ncia en el sector i amb un radi d\u2019acci\u00f3 que abarca tot el territori nacional mitjan\u00e7ant la nostra flota de vehicles i tallers m\u00f2bils.<\/p><p>No dubti en contactar amb la nostra empresa per a qualsevol assumpte relacionat amb la protecci\u00f3 contra incendis o per demanar pressupostos sense cap tipus de comprom\u00eds. Restem a la vostra disposici\u00f3.\u00a0<\/p>\t\t\t\t\t\t\t\t<\/div>\n\t\t\t\t<\/div>\n\t\t\t\t<div class=\"elementor-element elementor-element-413960b elementor-widget elementor-widget-text-editor\" data-id=\"413960b\" data-element_type=\"widget\" data-e-type=\"widget\" data-widget_type=\"text-editor.default\">\n\t\t\t\t<div class=\"elementor-widget-container\">\n\t\t\t\t\t\t\t\t\t<p><a href=\"https:\/\/contrafoc.net\/wp-content\/uploads\/2023\/03\/certificat-iso-9001-2015.pdf\" target=\"_blank\" rel=\"noopener\">Certificat iso 9001 2015 (318.5 KB)<\/a><\/p><p><a href=\"https:\/\/contrafoc.net\/wp-content\/uploads\/2023\/03\/certificate-iso.pdf\" target=\"_blank\" rel=\"noopener\">Certificate iso (512.33 KB)<\/a><\/p><p><a href=\"https:\/\/contrafoc.net\/wp-content\/uploads\/2023\/03\/convenio-colaboracion-contrafoc-con-oficina-tecnica-de-prevencion.pdf\" target=\"_blank\" rel=\"noopener\">Convenio colaboracion contrafoc con oficina tecnica de prevencion (191.15 KB)\u00a0<\/a><\/p>\t\t\t\t\t\t\t\t<\/div>\n\t\t\t\t<\/div>\n\t\t\t\t\t<\/div>\n\t\t<\/div>\n\t\t\t\t\t<\/div>\n\t\t<\/section>\n\t\t\t\t\t<\/div>\n\t\t<\/div>\n\t\t\t\t<div class=\"elementor-column elementor-col-33 elementor-top-column elementor-element elementor-element-1850b039 elementor-hidden-mobile\" data-id=\"1850b039\" data-element_type=\"column\" data-e-type=\"column\" data-settings=\"{&quot;background_background&quot;:&quot;classic&quot;}\">\n\t\t\t<div class=\"elementor-widget-wrap elementor-element-populated\">\n\t\t\t\t\t\t<section class=\"elementor-section elementor-inner-section elementor-element elementor-element-3d94f3ba elementor-section-boxed elementor-section-height-default elementor-section-height-default\" data-id=\"3d94f3ba\" data-element_type=\"section\" data-e-type=\"section\">\n\t\t\t\t\t\t<div class=\"elementor-container elementor-column-gap-default\">\n\t\t\t\t\t<div class=\"elementor-column elementor-col-100 elementor-inner-column elementor-element elementor-element-6d9c126\" data-id=\"6d9c126\" data-element_type=\"column\" data-e-type=\"column\" data-settings=\"{&quot;background_background&quot;:&quot;classic&quot;}\">\n\t\t\t<div class=\"elementor-widget-wrap elementor-element-populated\">\n\t\t\t\t\t\t<div class=\"elementor-element elementor-element-7da04a84 elementor-widget elementor-widget-heading\" data-id=\"7da04a84\" data-element_type=\"widget\" data-e-type=\"widget\" data-widget_type=\"heading.default\">\n\t\t\t\t<div class=\"elementor-widget-container\">\n\t\t\t\t\t<h3 class=\"elementor-heading-title elementor-size-default\"><a href=\"https:\/\/contrafoc.net\/extintors-senyals-i-bies\/\">Extintors, senyals i bies<\/a><\/h3>\t\t\t\t<\/div>\n\t\t\t\t<\/div>\n\t\t\t\t\t<\/div>\n\t\t<\/div>\n\t\t\t\t\t<\/div>\n\t\t<\/section>\n\t\t\t\t<section class=\"elementor-section elementor-inner-section elementor-element elementor-element-3de1d357 elementor-section-boxed elementor-section-height-default elementor-section-height-default\" data-id=\"3de1d357\" data-element_type=\"section\" data-e-type=\"section\">\n\t\t\t\t\t\t<div class=\"elementor-container elementor-column-gap-default\">\n\t\t\t\t\t<div class=\"elementor-column elementor-col-100 elementor-inner-column elementor-element elementor-element-1d2b175e\" data-id=\"1d2b175e\" data-element_type=\"column\" data-e-type=\"column\" data-settings=\"{&quot;background_background&quot;:&quot;classic&quot;}\">\n\t\t\t<div class=\"elementor-widget-wrap elementor-element-populated\">\n\t\t\t\t\t\t<div class=\"elementor-element elementor-element-1101cef3 elementor-hidden-tablet elementor-hidden-mobile uael-nav-menu__align-left uael-submenu-icon-arrow uael-link-redirect-child uael-nav-menu__breakpoint-tablet uael-nav-menu-toggle-label-no elementor-widget elementor-widget-uael-nav-menu\" data-id=\"1101cef3\" data-element_type=\"widget\" data-e-type=\"widget\" data-widget_type=\"uael-nav-menu.default\">\n\t\t\t\t<div class=\"elementor-widget-container\">\n\t\t\t\t\t\t\t<div class=\"uael-nav-menu uael-layout-vertical uael-nav-menu-layout\" data-layout=\"vertical\">\n\t\t\t\t<div role=\"button\" class=\"uael-nav-menu__toggle elementor-clickable\">\n\t\t\t\t\t<span class=\"screen-reader-text\">Main Menu<\/span>\n\t\t\t\t\t<div class=\"uael-nav-menu-icon\">\n\t\t\t\t\t\t<i aria-hidden=\"true\" class=\"fas fa-align-justify\"><\/i>\t\t\t\t\t<\/div>\n\t\t\t\t\t\t\t\t\t<\/div>\n\t\t\t\t\t\t\t<nav itemscope=\"itemscope\" itemtype=\"http:\/\/schema.org\/SiteNavigationElement\" class=\"uael-nav-menu__layout-vertical uael-nav-menu__submenu-arrow\" data-toggle-icon=\"&lt;i aria-hidden=&quot;true&quot; class=&quot;fas fa-align-justify&quot;&gt;&lt;\/i&gt;\" data-close-icon=\"&lt;i aria-hidden=&quot;true&quot; class=&quot;far fa-window-close&quot;&gt;&lt;\/i&gt;\" data-full-width=\"yes\"><ul id=\"menu-1-1101cef3\" class=\"uael-nav-menu\"><li id=\"menu-item-346\" itemprop=\"name\" class=\"menu-item menu-item-type-taxonomy menu-item-object-product_cat parent uael-creative-menu\"><a href=\"https:\/\/contrafoc.net\/ca\/categoria-producto\/extintors-pols-abc\/\" itemprop=\"url\" class = \"uael-menu-item\">Extintors Pols ABC<\/a><\/li>\n<li id=\"menu-item-344\" itemprop=\"name\" class=\"menu-item menu-item-type-taxonomy menu-item-object-product_cat parent uael-creative-menu\"><a href=\"https:\/\/contrafoc.net\/ca\/categoria-producto\/extintors-aigua-afff\/\" itemprop=\"url\" class = \"uael-menu-item\">Extintors Aigua + AFFF<\/a><\/li>\n<li id=\"menu-item-345\" itemprop=\"name\" class=\"menu-item menu-item-type-taxonomy menu-item-object-product_cat parent uael-creative-menu\"><a href=\"https:\/\/contrafoc.net\/ca\/categoria-producto\/extintors-co2\/\" itemprop=\"url\" class = \"uael-menu-item\">Extintors CO2<\/a><\/li>\n<li id=\"menu-item-347\" itemprop=\"name\" class=\"menu-item menu-item-type-taxonomy menu-item-object-product_cat parent uael-creative-menu\"><a href=\"https:\/\/contrafoc.net\/ca\/categoria-producto\/marina\/\" itemprop=\"url\" class = \"uael-menu-item\">Marina<\/a><\/li>\n<li id=\"menu-item-341\" itemprop=\"name\" class=\"menu-item menu-item-type-taxonomy menu-item-object-product_cat parent uael-creative-menu\"><a href=\"https:\/\/contrafoc.net\/ca\/categoria-producto\/boques-dincendi-equipades-bies\/\" itemprop=\"url\" class = \"uael-menu-item\">Boques d&#8217;incendi equipades (BIES)<\/a><\/li>\n<li id=\"menu-item-340\" itemprop=\"name\" class=\"menu-item menu-item-type-taxonomy menu-item-object-product_cat parent uael-creative-menu\"><a href=\"https:\/\/contrafoc.net\/ca\/categoria-producto\/armaris-en-termoplastic-especial-intemperie\/\" itemprop=\"url\" class = \"uael-menu-item\">Armaris en termopl\u00e0stic especial intemperie<\/a><\/li>\n<li id=\"menu-item-343\" itemprop=\"name\" class=\"menu-item menu-item-type-taxonomy menu-item-object-product_cat parent uael-creative-menu\"><a href=\"https:\/\/contrafoc.net\/ca\/categoria-producto\/caseta-intemperie\/\" itemprop=\"url\" class = \"uael-menu-item\">Caseta Intemperie<\/a><\/li>\n<li id=\"menu-item-342\" itemprop=\"name\" class=\"menu-item menu-item-type-taxonomy menu-item-object-product_cat parent uael-creative-menu\"><a href=\"https:\/\/contrafoc.net\/ca\/categoria-producto\/caseta-hidratant\/\" itemprop=\"url\" class = \"uael-menu-item\">Caseta Hidratant<\/a><\/li>\n<li id=\"menu-item-349\" itemprop=\"name\" class=\"menu-item menu-item-type-taxonomy menu-item-object-product_cat parent uael-creative-menu\"><a href=\"https:\/\/contrafoc.net\/ca\/categoria-producto\/valvules\/\" itemprop=\"url\" class = \"uael-menu-item\">V\u00e0lvules<\/a><\/li>\n<li id=\"menu-item-348\" itemprop=\"name\" class=\"menu-item menu-item-type-taxonomy menu-item-object-product_cat parent uael-creative-menu\"><a href=\"https:\/\/contrafoc.net\/ca\/categoria-producto\/senyalitzacions\/\" itemprop=\"url\" class = \"uael-menu-item\">Senyalitzacions<\/a><\/li>\n<\/ul><\/nav>\n\t\t\t\t\t<\/div>\n\t\t\t\t\t\t\t<\/div>\n\t\t\t\t<\/div>\n\t\t\t\t\t<\/div>\n\t\t<\/div>\n\t\t\t\t\t<\/div>\n\t\t<\/section>\n\t\t\t\t<section class=\"elementor-section elementor-inner-section elementor-element elementor-element-1fda7f7a elementor-section-boxed elementor-section-height-default elementor-section-height-default\" data-id=\"1fda7f7a\" data-element_type=\"section\" data-e-type=\"section\">\n\t\t\t\t\t\t<div class=\"elementor-container elementor-column-gap-default\">\n\t\t\t\t\t<div class=\"elementor-column elementor-col-100 elementor-inner-column elementor-element elementor-element-12818e1\" data-id=\"12818e1\" data-element_type=\"column\" data-e-type=\"column\" data-settings=\"{&quot;background_background&quot;:&quot;classic&quot;}\">\n\t\t\t<div class=\"elementor-widget-wrap elementor-element-populated\">\n\t\t\t\t\t\t<div class=\"elementor-element elementor-element-4f839135 elementor-widget elementor-widget-heading\" data-id=\"4f839135\" data-element_type=\"widget\" data-e-type=\"widget\" data-widget_type=\"heading.default\">\n\t\t\t\t<div class=\"elementor-widget-container\">\n\t\t\t\t\t<h3 class=\"elementor-heading-title elementor-size-default\"><a href=\"https:\/\/contrafoc.net\/deteccio-i-proteccio-contra-incendis-i-gas\/\">Detecci\u00f3 i protecci\u00f3 contra incendis i gas<\/a><\/h3>\t\t\t\t<\/div>\n\t\t\t\t<\/div>\n\t\t\t\t\t<\/div>\n\t\t<\/div>\n\t\t\t\t\t<\/div>\n\t\t<\/section>\n\t\t\t\t<section class=\"elementor-section elementor-inner-section elementor-element elementor-element-16237834 elementor-section-boxed elementor-section-height-default elementor-section-height-default\" data-id=\"16237834\" data-element_type=\"section\" data-e-type=\"section\">\n\t\t\t\t\t\t<div class=\"elementor-container elementor-column-gap-default\">\n\t\t\t\t\t<div class=\"elementor-column elementor-col-100 elementor-inner-column elementor-element elementor-element-1371190f\" data-id=\"1371190f\" data-element_type=\"column\" data-e-type=\"column\" data-settings=\"{&quot;background_background&quot;:&quot;classic&quot;}\">\n\t\t\t<div class=\"elementor-widget-wrap elementor-element-populated\">\n\t\t\t\t\t\t<div class=\"elementor-element elementor-element-7133eced elementor-hidden-tablet elementor-hidden-mobile uael-nav-menu__align-left uael-submenu-icon-arrow uael-link-redirect-child uael-nav-menu__breakpoint-tablet uael-nav-menu-toggle-label-no elementor-widget elementor-widget-uael-nav-menu\" data-id=\"7133eced\" data-element_type=\"widget\" data-e-type=\"widget\" data-widget_type=\"uael-nav-menu.default\">\n\t\t\t\t<div class=\"elementor-widget-container\">\n\t\t\t\t\t\t\t<div class=\"uael-nav-menu uael-layout-vertical uael-nav-menu-layout\" data-layout=\"vertical\">\n\t\t\t\t<div role=\"button\" class=\"uael-nav-menu__toggle elementor-clickable\">\n\t\t\t\t\t<span class=\"screen-reader-text\">Main Menu<\/span>\n\t\t\t\t\t<div class=\"uael-nav-menu-icon\">\n\t\t\t\t\t\t<i aria-hidden=\"true\" class=\"fas fa-align-justify\"><\/i>\t\t\t\t\t<\/div>\n\t\t\t\t\t\t\t\t\t<\/div>\n\t\t\t\t\t\t\t<nav itemscope=\"itemscope\" itemtype=\"http:\/\/schema.org\/SiteNavigationElement\" class=\"uael-nav-menu__layout-vertical uael-nav-menu__submenu-arrow\" data-toggle-icon=\"&lt;i aria-hidden=&quot;true&quot; class=&quot;fas fa-align-justify&quot;&gt;&lt;\/i&gt;\" data-close-icon=\"&lt;i aria-hidden=&quot;true&quot; class=&quot;far fa-window-close&quot;&gt;&lt;\/i&gt;\" data-full-width=\"yes\"><ul id=\"menu-1-7133eced\" class=\"uael-nav-menu\"><li id=\"menu-item-350\" itemprop=\"name\" itemprop=\"name\" class=\"menu-item menu-item-type-taxonomy menu-item-object-product_cat parent uael-creative-menu\"><a href=\"https:\/\/contrafoc.net\/ca\/categoria-producto\/central-de-deteccio-dincendis\/\" itemprop=\"url\" itemprop=\"url\" class = \"uael-menu-item\">Central de detecci\u00f3 d&#8217;incendis<\/a><\/li>\n<li id=\"menu-item-352\" itemprop=\"name\" itemprop=\"name\" class=\"menu-item menu-item-type-taxonomy menu-item-object-product_cat parent uael-creative-menu\"><a href=\"https:\/\/contrafoc.net\/ca\/categoria-producto\/detectors-convencionals\/\" itemprop=\"url\" itemprop=\"url\" class = \"uael-menu-item\">Detectors convencionals<\/a><\/li>\n<li id=\"menu-item-354\" itemprop=\"name\" itemprop=\"name\" class=\"menu-item menu-item-type-taxonomy menu-item-object-product_cat parent uael-creative-menu\"><a href=\"https:\/\/contrafoc.net\/ca\/categoria-producto\/polsadors\/\" itemprop=\"url\" itemprop=\"url\" class = \"uael-menu-item\">Polsadors<\/a><\/li>\n<li id=\"menu-item-355\" itemprop=\"name\" itemprop=\"name\" class=\"menu-item menu-item-type-taxonomy menu-item-object-product_cat parent uael-creative-menu\"><a href=\"https:\/\/contrafoc.net\/ca\/categoria-producto\/sirenes\/\" itemprop=\"url\" itemprop=\"url\" class = \"uael-menu-item\">Sirenes<\/a><\/li>\n<li id=\"menu-item-351\" itemprop=\"name\" itemprop=\"name\" class=\"menu-item menu-item-type-taxonomy menu-item-object-product_cat parent uael-creative-menu\"><a href=\"https:\/\/contrafoc.net\/ca\/categoria-producto\/centrals-de-monoxid\/\" itemprop=\"url\" itemprop=\"url\" class = \"uael-menu-item\">Centrals de mon\u00f2xid<\/a><\/li>\n<li id=\"menu-item-353\" itemprop=\"name\" itemprop=\"name\" class=\"menu-item menu-item-type-taxonomy menu-item-object-product_cat parent uael-creative-menu\"><a href=\"https:\/\/contrafoc.net\/ca\/categoria-producto\/detectors-de-monoxid\/\" itemprop=\"url\" itemprop=\"url\" class = \"uael-menu-item\">Detectors de mon\u00f2xid<\/a><\/li>\n<\/ul><\/nav>\n\t\t\t\t\t<\/div>\n\t\t\t\t\t\t\t<\/div>\n\t\t\t\t<\/div>\n\t\t\t\t\t<\/div>\n\t\t<\/div>\n\t\t\t\t\t<\/div>\n\t\t<\/section>\n\t\t\t\t<section class=\"elementor-section elementor-inner-section elementor-element elementor-element-71e54f3a elementor-section-boxed elementor-section-height-default elementor-section-height-default\" data-id=\"71e54f3a\" data-element_type=\"section\" data-e-type=\"section\">\n\t\t\t\t\t\t<div class=\"elementor-container elementor-column-gap-default\">\n\t\t\t\t\t<div class=\"elementor-column elementor-col-100 elementor-inner-column elementor-element elementor-element-5e39b090\" data-id=\"5e39b090\" data-element_type=\"column\" data-e-type=\"column\" data-settings=\"{&quot;background_background&quot;:&quot;classic&quot;}\">\n\t\t\t<div class=\"elementor-widget-wrap elementor-element-populated\">\n\t\t\t\t\t\t<div class=\"elementor-element elementor-element-36282e5b elementor-widget elementor-widget-image\" data-id=\"36282e5b\" data-element_type=\"widget\" data-e-type=\"widget\" data-widget_type=\"image.default\">\n\t\t\t\t<div class=\"elementor-widget-container\">\n\t\t\t\t\t\t\t\t\t\t\t\t\t\t\t<img fetchpriority=\"high\" decoding=\"async\" width=\"309\" height=\"309\" src=\"https:\/\/contrafoc.net\/wp-content\/uploads\/2023\/03\/deteccio-fons.jpg\" class=\"attachment-large size-large wp-image-359\" alt=\"\" srcset=\"https:\/\/contrafoc.net\/wp-content\/uploads\/2023\/03\/deteccio-fons.jpg 309w, https:\/\/contrafoc.net\/wp-content\/uploads\/2023\/03\/deteccio-fons-300x300.jpg 300w, https:\/\/contrafoc.net\/wp-content\/uploads\/2023\/03\/deteccio-fons-150x150.jpg 150w, https:\/\/contrafoc.net\/wp-content\/uploads\/2023\/03\/deteccio-fons-100x100.jpg 100w\" sizes=\"(max-width: 309px) 100vw, 309px\" \/>\t\t\t\t\t\t\t\t\t\t\t\t\t\t\t<\/div>\n\t\t\t\t<\/div>\n\t\t\t\t\t<\/div>\n\t\t<\/div>\n\t\t\t\t\t<\/div>\n\t\t<\/section>\n\t\t\t\t\t<\/div>\n\t\t<\/div>\n\t\t\t\t\t<\/div>\n\t\t<\/section>\n\t\t\t\t<\/div>\n\t\t","protected":false},"excerpt":{"rendered":"<p>Contrafoc, Protecci\u00f3 contra incendis. CONTRAFOC PROTECCI\u00d3 CONTRA INCENDIS \u00e9s una empresa dedicada a la venda, instal\u00b7laci\u00f3 de material i manteniment dins l\u2019\u00e0mbit de protecci\u00f3 contra incendis acreditada i autoritzada pels serveis de Industria de la Generalitat de Catalunya amb n\u00famero de REIC-430021533. Constitu\u00efda al 1992 CONTRAFOC PROTECCI\u00d3 CONTRA INCENDIS \u00e9s una empresa l\u00edder en mat\u00e8ria [&hellip;]<\/p>\n","protected":false},"author":1,"featured_media":0,"parent":0,"menu_order":0,"comment_status":"closed","ping_status":"closed","template":"elementor_header_footer","meta":{"_acf_changed":false,"site-sidebar-layout":"no-sidebar","site-content-layout":"page-builder","ast-site-content-layout":"default","site-content-style":"default","site-sidebar-style":"default","ast-global-header-display":"","ast-banner-title-visibility":"","ast-main-header-display":"","ast-hfb-above-header-display":"","ast-hfb-below-header-display":"","ast-hfb-mobile-header-display":"","site-post-title":"disabled","ast-breadcrumbs-content":"","ast-featured-img":"disabled","footer-sml-layout":"","ast-disable-related-posts":"","theme-transparent-header-meta":"","adv-header-id-meta":"","stick-header-meta":"","header-above-stick-meta":"","header-main-stick-meta":"","header-below-stick-meta":"","astra-migrate-meta-layouts":"default","ast-page-background-enabled":"default","ast-page-background-meta":{"desktop":{"background-color":"var(--ast-global-color-4)","background-image":"","background-repeat":"repeat","background-position":"center center","background-size":"auto","background-attachment":"scroll","background-type":"","background-media":"","overlay-type":"","overlay-color":"","overlay-opacity":"","overlay-gradient":""},"tablet":{"background-color":"","background-image":"","background-repeat":"repeat","background-position":"center center","background-size":"auto","background-attachment":"scroll","background-type":"","background-media":"","overlay-type":"","overlay-color":"","overlay-opacity":"","overlay-gradient":""},"mobile":{"background-color":"","background-image":"","background-repeat":"repeat","background-position":"center center","background-size":"auto","background-attachment":"scroll","background-type":"","background-media":"","overlay-type":"","overlay-color":"","overlay-opacity":"","overlay-gradient":""}},"ast-content-background-meta":{"desktop":{"background-color":"var(--ast-global-color-5)","background-image":"","background-repeat":"repeat","background-position":"center center","background-size":"auto","background-attachment":"scroll","background-type":"","background-media":"","overlay-type":"","overlay-color":"","overlay-opacity":"","overlay-gradient":""},"tablet":{"background-color":"var(--ast-global-color-5)","background-image":"","background-repeat":"repeat","background-position":"center center","background-size":"auto","background-attachment":"scroll","background-type":"","background-media":"","overlay-type":"","overlay-color":"","overlay-opacity":"","overlay-gradient":""},"mobile":{"background-color":"var(--ast-global-color-5)","background-image":"","background-repeat":"repeat","background-position":"center center","background-size":"auto","background-attachment":"scroll","background-type":"","background-media":"","overlay-type":"","overlay-color":"","overlay-opacity":"","overlay-gradient":""}},"footnotes":""},"class_list":["post-67","page","type-page","status-publish","hentry"],"acf":[],"_links":{"self":[{"href":"https:\/\/contrafoc.net\/ca\/wp-json\/wp\/v2\/pages\/67","targetHints":{"allow":["GET"]}}],"collection":[{"href":"https:\/\/contrafoc.net\/ca\/wp-json\/wp\/v2\/pages"}],"about":[{"href":"https:\/\/contrafoc.net\/ca\/wp-json\/wp\/v2\/types\/page"}],"author":[{"embeddable":true,"href":"https:\/\/contrafoc.net\/ca\/wp-json\/wp\/v2\/users\/1"}],"replies":[{"embeddable":true,"href":"https:\/\/contrafoc.net\/ca\/wp-json\/wp\/v2\/comments?post=67"}],"version-history":[{"count":16,"href":"https:\/\/contrafoc.net\/ca\/wp-json\/wp\/v2\/pages\/67\/revisions"}],"predecessor-version":[{"id":444,"href":"https:\/\/contrafoc.net\/ca\/wp-json\/wp\/v2\/pages\/67\/revisions\/444"}],"wp:attachment":[{"href":"https:\/\/contrafoc.net\/ca\/wp-json\/wp\/v2\/media?parent=67"}],"curies":[{"name":"wp","href":"https:\/\/api.w.org\/{rel}","templated":true}]}}