{"id":75,"date":"2023-03-03T17:02:12","date_gmt":"2023-03-03T17:02:12","guid":{"rendered":"https:\/\/novaweb.contrafoc.net\/?page_id=75"},"modified":"2024-10-03T17:12:51","modified_gmt":"2024-10-03T17:12:51","slug":"certificat-iso-9001","status":"publish","type":"page","link":"https:\/\/contrafoc.net\/ca\/certificat-iso-9001\/","title":{"rendered":"Certificat ISO 9001"},"content":{"rendered":"\t\t<div data-elementor-type=\"wp-page\" data-elementor-id=\"75\" class=\"elementor elementor-75\" data-elementor-post-type=\"page\">\n\t\t\t\t\t\t<section class=\"elementor-section elementor-top-section elementor-element elementor-element-b31a8fc elementor-section-boxed elementor-section-height-default elementor-section-height-default\" data-id=\"b31a8fc\" data-element_type=\"section\" data-e-type=\"section\">\n\t\t\t\t\t\t<div class=\"elementor-container elementor-column-gap-default\">\n\t\t\t\t\t<div class=\"elementor-column elementor-col-100 elementor-top-column elementor-element elementor-element-753566b\" data-id=\"753566b\" data-element_type=\"column\" data-e-type=\"column\" data-settings=\"{&quot;background_background&quot;:&quot;classic&quot;}\">\n\t\t\t<div class=\"elementor-widget-wrap elementor-element-populated\">\n\t\t\t\t\t\t<div class=\"elementor-element elementor-element-babd30f elementor-widget elementor-widget-woocommerce-breadcrumb\" data-id=\"babd30f\" data-element_type=\"widget\" data-e-type=\"widget\" data-widget_type=\"woocommerce-breadcrumb.default\">\n\t\t\t\t<div class=\"elementor-widget-container\">\n\t\t\t\t\t<nav class=\"woocommerce-breadcrumb\" aria-label=\"Breadcrumb\">Inici<\/nav>\t\t\t\t<\/div>\n\t\t\t\t<\/div>\n\t\t\t\t\t<\/div>\n\t\t<\/div>\n\t\t\t\t\t<\/div>\n\t\t<\/section>\n\t\t\t\t<section class=\"elementor-section elementor-top-section elementor-element elementor-element-10e8390e elementor-section-boxed elementor-section-height-default elementor-section-height-default\" data-id=\"10e8390e\" data-element_type=\"section\" data-e-type=\"section\">\n\t\t\t\t\t\t<div class=\"elementor-container elementor-column-gap-default\">\n\t\t\t\t\t<div class=\"elementor-column elementor-col-66 elementor-top-column elementor-element elementor-element-307d4ff\" data-id=\"307d4ff\" data-element_type=\"column\" data-e-type=\"column\">\n\t\t\t<div class=\"elementor-widget-wrap elementor-element-populated\">\n\t\t\t\t\t\t<section class=\"elementor-section elementor-inner-section elementor-element elementor-element-a4b9831 elementor-section-boxed elementor-section-height-default elementor-section-height-default\" data-id=\"a4b9831\" data-element_type=\"section\" data-e-type=\"section\">\n\t\t\t\t\t\t<div class=\"elementor-container elementor-column-gap-default\">\n\t\t\t\t\t<div class=\"elementor-column elementor-col-100 elementor-inner-column elementor-element elementor-element-f1ac48c\" data-id=\"f1ac48c\" data-element_type=\"column\" data-e-type=\"column\" data-settings=\"{&quot;background_background&quot;:&quot;classic&quot;}\">\n\t\t\t<div class=\"elementor-widget-wrap elementor-element-populated\">\n\t\t\t\t\t\t<div class=\"elementor-element elementor-element-765fe48 elementor-widget elementor-widget-heading\" data-id=\"765fe48\" data-element_type=\"widget\" data-e-type=\"widget\" data-widget_type=\"heading.default\">\n\t\t\t\t<div class=\"elementor-widget-container\">\n\t\t\t\t\t<h1 class=\"elementor-heading-title elementor-size-default\">Certificat ISO 9001<\/h1>\t\t\t\t<\/div>\n\t\t\t\t<\/div>\n\t\t\t\t<div class=\"elementor-element elementor-element-3e4246f elementor-widget elementor-widget-image\" data-id=\"3e4246f\" data-element_type=\"widget\" data-e-type=\"widget\" data-widget_type=\"image.default\">\n\t\t\t\t<div class=\"elementor-widget-container\">\n\t\t\t\t\t\t\t\t\t\t\t\t\t\t\t<img fetchpriority=\"high\" decoding=\"async\" width=\"1024\" height=\"522\" src=\"https:\/\/contrafoc.net\/wp-content\/uploads\/2023\/03\/98415300_9338886.jpg\" class=\"attachment-large size-large wp-image-152\" alt=\"Certificat iso 9001\" srcset=\"https:\/\/contrafoc.net\/wp-content\/uploads\/2023\/03\/98415300_9338886.jpg 1024w, https:\/\/contrafoc.net\/wp-content\/uploads\/2023\/03\/98415300_9338886-300x153.jpg 300w, https:\/\/contrafoc.net\/wp-content\/uploads\/2023\/03\/98415300_9338886-768x392.jpg 768w, https:\/\/contrafoc.net\/wp-content\/uploads\/2023\/03\/98415300_9338886-600x306.jpg 600w\" sizes=\"(max-width: 1024px) 100vw, 1024px\" \/>\t\t\t\t\t\t\t\t\t\t\t\t\t\t\t<\/div>\n\t\t\t\t<\/div>\n\t\t\t\t<div class=\"elementor-element elementor-element-4fc3580 elementor-widget elementor-widget-text-editor\" data-id=\"4fc3580\" data-element_type=\"widget\" data-e-type=\"widget\" data-widget_type=\"text-editor.default\">\n\t\t\t\t<div class=\"elementor-widget-container\">\n\t\t\t\t\t\t\t\t\t<a href=\"https:\/\/contrafoc.net\/wp-content\/uploads\/2024\/10\/Certificados-URS-Spain-Contrafoc-Proteccio-Contra-Incendis-S.L.-ISO-9001_2015.pdf\" target=\"_blank\" rel=\"noopener\">Certificados urs spain contrafoc proteccio contra incendis (1.61 MB)\u00a0<\/a>\t\t\t\t\t\t\t\t<\/div>\n\t\t\t\t<\/div>\n\t\t\t\t\t<\/div>\n\t\t<\/div>\n\t\t\t\t\t<\/div>\n\t\t<\/section>\n\t\t\t\t\t<\/div>\n\t\t<\/div>\n\t\t\t\t<div class=\"elementor-column elementor-col-33 elementor-top-column elementor-element elementor-element-6db2815 elementor-hidden-mobile\" data-id=\"6db2815\" data-element_type=\"column\" data-e-type=\"column\" data-settings=\"{&quot;background_background&quot;:&quot;classic&quot;}\">\n\t\t\t<div class=\"elementor-widget-wrap elementor-element-populated\">\n\t\t\t\t\t\t<section class=\"elementor-section elementor-inner-section elementor-element elementor-element-62be59f6 elementor-section-boxed elementor-section-height-default elementor-section-height-default\" data-id=\"62be59f6\" data-element_type=\"section\" data-e-type=\"section\">\n\t\t\t\t\t\t<div class=\"elementor-container elementor-column-gap-default\">\n\t\t\t\t\t<div class=\"elementor-column elementor-col-100 elementor-inner-column elementor-element elementor-element-753f287\" data-id=\"753f287\" data-element_type=\"column\" data-e-type=\"column\" data-settings=\"{&quot;background_background&quot;:&quot;classic&quot;}\">\n\t\t\t<div class=\"elementor-widget-wrap elementor-element-populated\">\n\t\t\t\t\t\t<div class=\"elementor-element elementor-element-2f7666fb elementor-widget elementor-widget-heading\" data-id=\"2f7666fb\" data-element_type=\"widget\" data-e-type=\"widget\" data-widget_type=\"heading.default\">\n\t\t\t\t<div class=\"elementor-widget-container\">\n\t\t\t\t\t<h3 class=\"elementor-heading-title elementor-size-default\"><a href=\"https:\/\/contrafoc.net\/extintors-senyals-i-bies\/\">Extintors, senyals i bies<\/a><\/h3>\t\t\t\t<\/div>\n\t\t\t\t<\/div>\n\t\t\t\t\t<\/div>\n\t\t<\/div>\n\t\t\t\t\t<\/div>\n\t\t<\/section>\n\t\t\t\t<section class=\"elementor-section elementor-inner-section elementor-element elementor-element-7066cf2c elementor-section-boxed elementor-section-height-default elementor-section-height-default\" data-id=\"7066cf2c\" data-element_type=\"section\" data-e-type=\"section\">\n\t\t\t\t\t\t<div class=\"elementor-container elementor-column-gap-default\">\n\t\t\t\t\t<div class=\"elementor-column elementor-col-100 elementor-inner-column elementor-element elementor-element-31c9a21b\" data-id=\"31c9a21b\" data-element_type=\"column\" data-e-type=\"column\" data-settings=\"{&quot;background_background&quot;:&quot;classic&quot;}\">\n\t\t\t<div class=\"elementor-widget-wrap elementor-element-populated\">\n\t\t\t\t\t\t<div class=\"elementor-element elementor-element-31dd296c elementor-hidden-tablet elementor-hidden-mobile uael-nav-menu__align-left uael-submenu-icon-arrow uael-link-redirect-child uael-nav-menu__breakpoint-tablet uael-nav-menu-toggle-label-no elementor-widget elementor-widget-uael-nav-menu\" data-id=\"31dd296c\" data-element_type=\"widget\" data-e-type=\"widget\" data-widget_type=\"uael-nav-menu.default\">\n\t\t\t\t<div class=\"elementor-widget-container\">\n\t\t\t\t\t\t\t<div class=\"uael-nav-menu uael-layout-vertical uael-nav-menu-layout\" data-layout=\"vertical\">\n\t\t\t\t<div role=\"button\" class=\"uael-nav-menu__toggle elementor-clickable\">\n\t\t\t\t\t<span class=\"screen-reader-text\">Main Menu<\/span>\n\t\t\t\t\t<div class=\"uael-nav-menu-icon\">\n\t\t\t\t\t\t<i aria-hidden=\"true\" class=\"fas fa-align-justify\"><\/i>\t\t\t\t\t<\/div>\n\t\t\t\t\t\t\t\t\t<\/div>\n\t\t\t\t\t\t\t<nav itemscope=\"itemscope\" itemtype=\"http:\/\/schema.org\/SiteNavigationElement\" class=\"uael-nav-menu__layout-vertical uael-nav-menu__submenu-arrow\" data-toggle-icon=\"&lt;i aria-hidden=&quot;true&quot; class=&quot;fas fa-align-justify&quot;&gt;&lt;\/i&gt;\" data-close-icon=\"&lt;i aria-hidden=&quot;true&quot; class=&quot;far fa-window-close&quot;&gt;&lt;\/i&gt;\" data-full-width=\"yes\"><ul id=\"menu-1-31dd296c\" class=\"uael-nav-menu\"><li id=\"menu-item-346\" itemprop=\"name\" class=\"menu-item menu-item-type-taxonomy menu-item-object-product_cat parent uael-creative-menu\"><a href=\"https:\/\/contrafoc.net\/ca\/categoria-producto\/extintors-pols-abc\/\" itemprop=\"url\" class = \"uael-menu-item\">Extintors Pols ABC<\/a><\/li>\n<li id=\"menu-item-344\" itemprop=\"name\" class=\"menu-item menu-item-type-taxonomy menu-item-object-product_cat parent uael-creative-menu\"><a href=\"https:\/\/contrafoc.net\/ca\/categoria-producto\/extintors-aigua-afff\/\" itemprop=\"url\" class = \"uael-menu-item\">Extintors Aigua + AFFF<\/a><\/li>\n<li id=\"menu-item-345\" itemprop=\"name\" class=\"menu-item menu-item-type-taxonomy menu-item-object-product_cat parent uael-creative-menu\"><a href=\"https:\/\/contrafoc.net\/ca\/categoria-producto\/extintors-co2\/\" itemprop=\"url\" class = \"uael-menu-item\">Extintors CO2<\/a><\/li>\n<li id=\"menu-item-347\" itemprop=\"name\" class=\"menu-item menu-item-type-taxonomy menu-item-object-product_cat parent uael-creative-menu\"><a href=\"https:\/\/contrafoc.net\/ca\/categoria-producto\/marina\/\" itemprop=\"url\" class = \"uael-menu-item\">Marina<\/a><\/li>\n<li id=\"menu-item-341\" itemprop=\"name\" class=\"menu-item menu-item-type-taxonomy menu-item-object-product_cat parent uael-creative-menu\"><a href=\"https:\/\/contrafoc.net\/ca\/categoria-producto\/boques-dincendi-equipades-bies\/\" itemprop=\"url\" class = \"uael-menu-item\">Boques d&#8217;incendi equipades (BIES)<\/a><\/li>\n<li id=\"menu-item-340\" itemprop=\"name\" class=\"menu-item menu-item-type-taxonomy menu-item-object-product_cat parent uael-creative-menu\"><a href=\"https:\/\/contrafoc.net\/ca\/categoria-producto\/armaris-en-termoplastic-especial-intemperie\/\" itemprop=\"url\" class = \"uael-menu-item\">Armaris en termopl\u00e0stic especial intemperie<\/a><\/li>\n<li id=\"menu-item-343\" itemprop=\"name\" class=\"menu-item menu-item-type-taxonomy menu-item-object-product_cat parent uael-creative-menu\"><a href=\"https:\/\/contrafoc.net\/ca\/categoria-producto\/caseta-intemperie\/\" itemprop=\"url\" class = \"uael-menu-item\">Caseta Intemperie<\/a><\/li>\n<li id=\"menu-item-342\" itemprop=\"name\" class=\"menu-item menu-item-type-taxonomy menu-item-object-product_cat parent uael-creative-menu\"><a href=\"https:\/\/contrafoc.net\/ca\/categoria-producto\/caseta-hidratant\/\" itemprop=\"url\" class = \"uael-menu-item\">Caseta Hidratant<\/a><\/li>\n<li id=\"menu-item-349\" itemprop=\"name\" class=\"menu-item menu-item-type-taxonomy menu-item-object-product_cat parent uael-creative-menu\"><a href=\"https:\/\/contrafoc.net\/ca\/categoria-producto\/valvules\/\" itemprop=\"url\" class = \"uael-menu-item\">V\u00e0lvules<\/a><\/li>\n<li id=\"menu-item-348\" itemprop=\"name\" class=\"menu-item menu-item-type-taxonomy menu-item-object-product_cat parent uael-creative-menu\"><a href=\"https:\/\/contrafoc.net\/ca\/categoria-producto\/senyalitzacions\/\" itemprop=\"url\" class = \"uael-menu-item\">Senyalitzacions<\/a><\/li>\n<\/ul><\/nav>\n\t\t\t\t\t<\/div>\n\t\t\t\t\t\t\t<\/div>\n\t\t\t\t<\/div>\n\t\t\t\t\t<\/div>\n\t\t<\/div>\n\t\t\t\t\t<\/div>\n\t\t<\/section>\n\t\t\t\t<section class=\"elementor-section elementor-inner-section elementor-element elementor-element-22b94784 elementor-section-boxed elementor-section-height-default elementor-section-height-default\" data-id=\"22b94784\" data-element_type=\"section\" data-e-type=\"section\">\n\t\t\t\t\t\t<div class=\"elementor-container elementor-column-gap-default\">\n\t\t\t\t\t<div class=\"elementor-column elementor-col-100 elementor-inner-column elementor-element elementor-element-12901274\" data-id=\"12901274\" data-element_type=\"column\" data-e-type=\"column\" data-settings=\"{&quot;background_background&quot;:&quot;classic&quot;}\">\n\t\t\t<div class=\"elementor-widget-wrap elementor-element-populated\">\n\t\t\t\t\t\t<div class=\"elementor-element elementor-element-765fafeb elementor-widget elementor-widget-heading\" data-id=\"765fafeb\" data-element_type=\"widget\" data-e-type=\"widget\" data-widget_type=\"heading.default\">\n\t\t\t\t<div class=\"elementor-widget-container\">\n\t\t\t\t\t<h3 class=\"elementor-heading-title elementor-size-default\"><a href=\"https:\/\/contrafoc.net\/deteccio-i-proteccio-contra-incendis-i-gas\/\">Detecci\u00f3 i protecci\u00f3 contra incendis i gas<\/a><\/h3>\t\t\t\t<\/div>\n\t\t\t\t<\/div>\n\t\t\t\t\t<\/div>\n\t\t<\/div>\n\t\t\t\t\t<\/div>\n\t\t<\/section>\n\t\t\t\t<section class=\"elementor-section elementor-inner-section elementor-element elementor-element-be47726 elementor-section-boxed elementor-section-height-default elementor-section-height-default\" data-id=\"be47726\" data-element_type=\"section\" data-e-type=\"section\">\n\t\t\t\t\t\t<div class=\"elementor-container elementor-column-gap-default\">\n\t\t\t\t\t<div class=\"elementor-column elementor-col-100 elementor-inner-column elementor-element elementor-element-28c41bd2\" data-id=\"28c41bd2\" data-element_type=\"column\" data-e-type=\"column\" data-settings=\"{&quot;background_background&quot;:&quot;classic&quot;}\">\n\t\t\t<div class=\"elementor-widget-wrap elementor-element-populated\">\n\t\t\t\t\t\t<div class=\"elementor-element elementor-element-7e000a34 elementor-hidden-tablet elementor-hidden-mobile uael-nav-menu__align-left uael-submenu-icon-arrow uael-link-redirect-child uael-nav-menu__breakpoint-tablet uael-nav-menu-toggle-label-no elementor-widget elementor-widget-uael-nav-menu\" data-id=\"7e000a34\" data-element_type=\"widget\" data-e-type=\"widget\" data-widget_type=\"uael-nav-menu.default\">\n\t\t\t\t<div class=\"elementor-widget-container\">\n\t\t\t\t\t\t\t<div class=\"uael-nav-menu uael-layout-vertical uael-nav-menu-layout\" data-layout=\"vertical\">\n\t\t\t\t<div role=\"button\" class=\"uael-nav-menu__toggle elementor-clickable\">\n\t\t\t\t\t<span class=\"screen-reader-text\">Main Menu<\/span>\n\t\t\t\t\t<div class=\"uael-nav-menu-icon\">\n\t\t\t\t\t\t<i aria-hidden=\"true\" class=\"fas fa-align-justify\"><\/i>\t\t\t\t\t<\/div>\n\t\t\t\t\t\t\t\t\t<\/div>\n\t\t\t\t\t\t\t<nav itemscope=\"itemscope\" itemtype=\"http:\/\/schema.org\/SiteNavigationElement\" class=\"uael-nav-menu__layout-vertical uael-nav-menu__submenu-arrow\" data-toggle-icon=\"&lt;i aria-hidden=&quot;true&quot; class=&quot;fas fa-align-justify&quot;&gt;&lt;\/i&gt;\" data-close-icon=\"&lt;i aria-hidden=&quot;true&quot; class=&quot;far fa-window-close&quot;&gt;&lt;\/i&gt;\" data-full-width=\"yes\"><ul id=\"menu-1-7e000a34\" class=\"uael-nav-menu\"><li id=\"menu-item-350\" itemprop=\"name\" itemprop=\"name\" class=\"menu-item menu-item-type-taxonomy menu-item-object-product_cat parent uael-creative-menu\"><a href=\"https:\/\/contrafoc.net\/ca\/categoria-producto\/central-de-deteccio-dincendis\/\" itemprop=\"url\" itemprop=\"url\" class = \"uael-menu-item\">Central de detecci\u00f3 d&#8217;incendis<\/a><\/li>\n<li id=\"menu-item-352\" itemprop=\"name\" itemprop=\"name\" class=\"menu-item menu-item-type-taxonomy menu-item-object-product_cat parent uael-creative-menu\"><a href=\"https:\/\/contrafoc.net\/ca\/categoria-producto\/detectors-convencionals\/\" itemprop=\"url\" itemprop=\"url\" class = \"uael-menu-item\">Detectors convencionals<\/a><\/li>\n<li id=\"menu-item-354\" itemprop=\"name\" itemprop=\"name\" class=\"menu-item menu-item-type-taxonomy menu-item-object-product_cat parent uael-creative-menu\"><a href=\"https:\/\/contrafoc.net\/ca\/categoria-producto\/polsadors\/\" itemprop=\"url\" itemprop=\"url\" class = \"uael-menu-item\">Polsadors<\/a><\/li>\n<li id=\"menu-item-355\" itemprop=\"name\" itemprop=\"name\" class=\"menu-item menu-item-type-taxonomy menu-item-object-product_cat parent uael-creative-menu\"><a href=\"https:\/\/contrafoc.net\/ca\/categoria-producto\/sirenes\/\" itemprop=\"url\" itemprop=\"url\" class = \"uael-menu-item\">Sirenes<\/a><\/li>\n<li id=\"menu-item-351\" itemprop=\"name\" itemprop=\"name\" class=\"menu-item menu-item-type-taxonomy menu-item-object-product_cat parent uael-creative-menu\"><a href=\"https:\/\/contrafoc.net\/ca\/categoria-producto\/centrals-de-monoxid\/\" itemprop=\"url\" itemprop=\"url\" class = \"uael-menu-item\">Centrals de mon\u00f2xid<\/a><\/li>\n<li id=\"menu-item-353\" itemprop=\"name\" itemprop=\"name\" class=\"menu-item menu-item-type-taxonomy menu-item-object-product_cat parent uael-creative-menu\"><a href=\"https:\/\/contrafoc.net\/ca\/categoria-producto\/detectors-de-monoxid\/\" itemprop=\"url\" itemprop=\"url\" class = \"uael-menu-item\">Detectors de mon\u00f2xid<\/a><\/li>\n<\/ul><\/nav>\n\t\t\t\t\t<\/div>\n\t\t\t\t\t\t\t<\/div>\n\t\t\t\t<\/div>\n\t\t\t\t\t<\/div>\n\t\t<\/div>\n\t\t\t\t\t<\/div>\n\t\t<\/section>\n\t\t\t\t<section class=\"elementor-section elementor-inner-section elementor-element elementor-element-2205a063 elementor-section-boxed elementor-section-height-default elementor-section-height-default\" data-id=\"2205a063\" data-element_type=\"section\" data-e-type=\"section\">\n\t\t\t\t\t\t<div class=\"elementor-container elementor-column-gap-default\">\n\t\t\t\t\t<div class=\"elementor-column elementor-col-100 elementor-inner-column elementor-element elementor-element-4657f9ca\" data-id=\"4657f9ca\" data-element_type=\"column\" data-e-type=\"column\" data-settings=\"{&quot;background_background&quot;:&quot;classic&quot;}\">\n\t\t\t<div class=\"elementor-widget-wrap elementor-element-populated\">\n\t\t\t\t\t\t<div class=\"elementor-element elementor-element-4fb1d02c elementor-widget elementor-widget-image\" data-id=\"4fb1d02c\" data-element_type=\"widget\" data-e-type=\"widget\" data-widget_type=\"image.default\">\n\t\t\t\t<div class=\"elementor-widget-container\">\n\t\t\t\t\t\t\t\t\t\t\t\t\t\t\t<img decoding=\"async\" width=\"309\" height=\"309\" src=\"https:\/\/contrafoc.net\/wp-content\/uploads\/2023\/03\/deteccio-fons.jpg\" class=\"attachment-large size-large wp-image-359\" alt=\"\" srcset=\"https:\/\/contrafoc.net\/wp-content\/uploads\/2023\/03\/deteccio-fons.jpg 309w, https:\/\/contrafoc.net\/wp-content\/uploads\/2023\/03\/deteccio-fons-300x300.jpg 300w, https:\/\/contrafoc.net\/wp-content\/uploads\/2023\/03\/deteccio-fons-150x150.jpg 150w, https:\/\/contrafoc.net\/wp-content\/uploads\/2023\/03\/deteccio-fons-100x100.jpg 100w\" sizes=\"(max-width: 309px) 100vw, 309px\" \/>\t\t\t\t\t\t\t\t\t\t\t\t\t\t\t<\/div>\n\t\t\t\t<\/div>\n\t\t\t\t\t<\/div>\n\t\t<\/div>\n\t\t\t\t\t<\/div>\n\t\t<\/section>\n\t\t\t\t\t<\/div>\n\t\t<\/div>\n\t\t\t\t\t<\/div>\n\t\t<\/section>\n\t\t\t\t<\/div>\n\t\t","protected":false},"excerpt":{"rendered":"<p>Certificat ISO 9001 Certificados urs spain contrafoc proteccio contra incendis (1.61 MB)\u00a0 Extintors, senyals i bies Main Menu Extintors Pols ABC Extintors Aigua + AFFF Extintors CO2 Marina Boques d&#8217;incendi equipades (BIES) Armaris en termopl\u00e0stic especial intemperie Caseta Intemperie Caseta Hidratant V\u00e0lvules Senyalitzacions Detecci\u00f3 i protecci\u00f3 contra incendis i gas Main Menu Central de detecci\u00f3 [&hellip;]<\/p>\n","protected":false},"author":1,"featured_media":0,"parent":0,"menu_order":0,"comment_status":"closed","ping_status":"closed","template":"elementor_header_footer","meta":{"_acf_changed":false,"site-sidebar-layout":"no-sidebar","site-content-layout":"page-builder","ast-site-content-layout":"default","site-content-style":"default","site-sidebar-style":"default","ast-global-header-display":"","ast-banner-title-visibility":"","ast-main-header-display":"","ast-hfb-above-header-display":"","ast-hfb-below-header-display":"","ast-hfb-mobile-header-display":"","site-post-title":"disabled","ast-breadcrumbs-content":"","ast-featured-img":"disabled","footer-sml-layout":"","ast-disable-related-posts":"","theme-transparent-header-meta":"","adv-header-id-meta":"","stick-header-meta":"","header-above-stick-meta":"","header-main-stick-meta":"","header-below-stick-meta":"","astra-migrate-meta-layouts":"default","ast-page-background-enabled":"default","ast-page-background-meta":{"desktop":{"background-color":"var(--ast-global-color-4)","background-image":"","background-repeat":"repeat","background-position":"center center","background-size":"auto","background-attachment":"scroll","background-type":"","background-media":"","overlay-type":"","overlay-color":"","overlay-opacity":"","overlay-gradient":""},"tablet":{"background-color":"","background-image":"","background-repeat":"repeat","background-position":"center center","background-size":"auto","background-attachment":"scroll","background-type":"","background-media":"","overlay-type":"","overlay-color":"","overlay-opacity":"","overlay-gradient":""},"mobile":{"background-color":"","background-image":"","background-repeat":"repeat","background-position":"center center","background-size":"auto","background-attachment":"scroll","background-type":"","background-media":"","overlay-type":"","overlay-color":"","overlay-opacity":"","overlay-gradient":""}},"ast-content-background-meta":{"desktop":{"background-color":"var(--ast-global-color-5)","background-image":"","background-repeat":"repeat","background-position":"center center","background-size":"auto","background-attachment":"scroll","background-type":"","background-media":"","overlay-type":"","overlay-color":"","overlay-opacity":"","overlay-gradient":""},"tablet":{"background-color":"var(--ast-global-color-5)","background-image":"","background-repeat":"repeat","background-position":"center center","background-size":"auto","background-attachment":"scroll","background-type":"","background-media":"","overlay-type":"","overlay-color":"","overlay-opacity":"","overlay-gradient":""},"mobile":{"background-color":"var(--ast-global-color-5)","background-image":"","background-repeat":"repeat","background-position":"center center","background-size":"auto","background-attachment":"scroll","background-type":"","background-media":"","overlay-type":"","overlay-color":"","overlay-opacity":"","overlay-gradient":""}},"footnotes":""},"class_list":["post-75","page","type-page","status-publish","hentry"],"acf":[],"_links":{"self":[{"href":"https:\/\/contrafoc.net\/ca\/wp-json\/wp\/v2\/pages\/75","targetHints":{"allow":["GET"]}}],"collection":[{"href":"https:\/\/contrafoc.net\/ca\/wp-json\/wp\/v2\/pages"}],"about":[{"href":"https:\/\/contrafoc.net\/ca\/wp-json\/wp\/v2\/types\/page"}],"author":[{"embeddable":true,"href":"https:\/\/contrafoc.net\/ca\/wp-json\/wp\/v2\/users\/1"}],"replies":[{"embeddable":true,"href":"https:\/\/contrafoc.net\/ca\/wp-json\/wp\/v2\/comments?post=75"}],"version-history":[{"count":26,"href":"https:\/\/contrafoc.net\/ca\/wp-json\/wp\/v2\/pages\/75\/revisions"}],"predecessor-version":[{"id":1102,"href":"https:\/\/contrafoc.net\/ca\/wp-json\/wp\/v2\/pages\/75\/revisions\/1102"}],"wp:attachment":[{"href":"https:\/\/contrafoc.net\/ca\/wp-json\/wp\/v2\/media?parent=75"}],"curies":[{"name":"wp","href":"https:\/\/api.w.org\/{rel}","templated":true}]}}