{"id":259,"date":"2023-03-06T12:21:32","date_gmt":"2023-03-06T12:21:32","guid":{"rendered":"https:\/\/novaweb.contrafoc.net\/?post_type=product&#038;p=259"},"modified":"2023-03-13T16:12:36","modified_gmt":"2023-03-13T16:12:36","slug":"dtd-210-detector-termovelocimetric","status":"publish","type":"product","link":"https:\/\/contrafoc.net\/ca\/producto\/dtd-210-detector-termovelocimetric\/","title":{"rendered":"DTD-210 Detector termovelocim\u00e8tric"},"content":{"rendered":"<p>Els nous detectors convencionals de la s\u00e8rie 200 han estat desenvolupats utilitzant els \u00faltims aven\u00e7os tecnol\u00f2gics. El seu nou disseny fa de la gamma 200 una de les m\u00e9s elegants del mercat, ideal per a aquelles instal\u00b7lacions on l&#8217;equilibri entre la funcionalitat i l&#8217;est\u00e8tica \u00e9s necessari.<\/p>\n<p>La gamma de detectors convencionals de Detnov de la s\u00e8rie 200, est\u00e0 formada per 4 models de detectors. Un termovelocim\u00e8tric de 58\u00baC, 1 t\u00e8rmic de 78\u00ba, un detector \u00f2ptic i un detector \u00f2ptic-t\u00e8rmic, tots ells compatibles amb les centrals Detnov de la fam\u00edlia CCD-100 i amb la majoria de centrals del mercat.<\/p>\n<p>El detector DTD-210 funciona per un increment de temperatura r\u00e0pid en un temps concret o per assolir els 58\u00baC, en ambd\u00f3s casos el detector entrar\u00e0 en estat d\\&#8217;alarma, encenent el led que incorpora.<\/p>\n<p>Els detectors convencionals de la S\u00e8rie 200 requereixen de la base Z-200 per a la seva connexi\u00f3. La base inclou una opci\u00f3 de bloqueig que evita la seva manipulaci\u00f3, sent necess\u00e0ria una eina per a la seva extracci\u00f3.<\/p>\n<p>Els detectors d&#8217;aquesta s\u00e8rie no necessiten polaritat en la seva instal\u00b7laci\u00f3 gr\u00e0cies a la tecnologia que incorpora, caracter\u00edstica que estalvia errors en la connexi\u00f3, i genera un gran estalvi en el temps d&#8217;execuci\u00f3 de l&#8217;obra.<\/p>\n<p>L&#8217;\u00e0rea de cobertura \u00e9s de 20 m2 i l&#8217;altura m\u00e0xima d&#8217;instal\u00b7laci\u00f3 \u00e9s de 6 metres.<\/p>\n","protected":false},"excerpt":{"rendered":"<p>Els detectors DTD-210 estan indicats per a aquelles instal\u00b7lacions de protecci\u00f3 contra incendis en establiments on un incendi provocaria m\u00e9s calor que fum, tamb\u00e9 est\u00e0 indicat per a aquells establiments que hi hagi fum, vapor o pols de forma habitual donada la seva activitat, com ara cuines industrials, sales de calderes, vestidors i aparcaments.<\/p>\n","protected":false},"featured_media":260,"template":"","meta":{"_acf_changed":false,"site-sidebar-layout":"default","site-content-layout":"default","ast-site-content-layout":"default","site-content-style":"default","site-sidebar-style":"default","ast-global-header-display":"","ast-banner-title-visibility":"","ast-main-header-display":"","ast-hfb-above-header-display":"","ast-hfb-below-header-display":"","ast-hfb-mobile-header-display":"","site-post-title":"","ast-breadcrumbs-content":"","ast-featured-img":"","footer-sml-layout":"","ast-disable-related-posts":"","theme-transparent-header-meta":"default","adv-header-id-meta":"","stick-header-meta":"","header-above-stick-meta":"","header-main-stick-meta":"","header-below-stick-meta":"","astra-migrate-meta-layouts":"default","ast-page-background-enabled":"default","ast-page-background-meta":{"desktop":{"background-color":"var(--ast-global-color-4)","background-image":"","background-repeat":"repeat","background-position":"center center","background-size":"auto","background-attachment":"scroll","background-type":"","background-media":"","overlay-type":"","overlay-color":"","overlay-opacity":"","overlay-gradient":""},"tablet":{"background-color":"","background-image":"","background-repeat":"repeat","background-position":"center center","background-size":"auto","background-attachment":"scroll","background-type":"","background-media":"","overlay-type":"","overlay-color":"","overlay-opacity":"","overlay-gradient":""},"mobile":{"background-color":"","background-image":"","background-repeat":"repeat","background-position":"center center","background-size":"auto","background-attachment":"scroll","background-type":"","background-media":"","overlay-type":"","overlay-color":"","overlay-opacity":"","overlay-gradient":""}},"ast-content-background-meta":{"desktop":{"background-color":"var(--ast-global-color-5)","background-image":"","background-repeat":"repeat","background-position":"center center","background-size":"auto","background-attachment":"scroll","background-type":"","background-media":"","overlay-type":"","overlay-color":"","overlay-opacity":"","overlay-gradient":""},"tablet":{"background-color":"var(--ast-global-color-5)","background-image":"","background-repeat":"repeat","background-position":"center center","background-size":"auto","background-attachment":"scroll","background-type":"","background-media":"","overlay-type":"","overlay-color":"","overlay-opacity":"","overlay-gradient":""},"mobile":{"background-color":"var(--ast-global-color-5)","background-image":"","background-repeat":"repeat","background-position":"center center","background-size":"auto","background-attachment":"scroll","background-type":"","background-media":"","overlay-type":"","overlay-color":"","overlay-opacity":"","overlay-gradient":""}}},"product_brand":[],"product_cat":[24],"product_tag":[],"class_list":{"0":"post-259","1":"product","2":"type-product","3":"status-publish","4":"has-post-thumbnail","6":"product_cat-detectors-convencionals","7":"desktop-align-left","8":"tablet-align-left","9":"mobile-align-left","11":"first","12":"instock","13":"shipping-taxable","14":"product-type-simple"},"acf":[],"_links":{"self":[{"href":"https:\/\/contrafoc.net\/ca\/wp-json\/wp\/v2\/product\/259","targetHints":{"allow":["GET"]}}],"collection":[{"href":"https:\/\/contrafoc.net\/ca\/wp-json\/wp\/v2\/product"}],"about":[{"href":"https:\/\/contrafoc.net\/ca\/wp-json\/wp\/v2\/types\/product"}],"wp:featuredmedia":[{"embeddable":true,"href":"https:\/\/contrafoc.net\/ca\/wp-json\/wp\/v2\/media\/260"}],"wp:attachment":[{"href":"https:\/\/contrafoc.net\/ca\/wp-json\/wp\/v2\/media?parent=259"}],"wp:term":[{"taxonomy":"product_brand","embeddable":true,"href":"https:\/\/contrafoc.net\/ca\/wp-json\/wp\/v2\/product_brand?post=259"},{"taxonomy":"product_cat","embeddable":true,"href":"https:\/\/contrafoc.net\/ca\/wp-json\/wp\/v2\/product_cat?post=259"},{"taxonomy":"product_tag","embeddable":true,"href":"https:\/\/contrafoc.net\/ca\/wp-json\/wp\/v2\/product_tag?post=259"}],"curies":[{"name":"wp","href":"https:\/\/api.w.org\/{rel}","templated":true}]}}