{"id":261,"date":"2023-03-06T12:23:20","date_gmt":"2023-03-06T12:23:20","guid":{"rendered":"https:\/\/novaweb.contrafoc.net\/?post_type=product&#038;p=261"},"modified":"2023-03-06T17:53:58","modified_gmt":"2023-03-06T17:53:58","slug":"dod-220-detector-optic-de-fum","status":"publish","type":"product","link":"https:\/\/contrafoc.net\/ca\/producto\/dod-220-detector-optic-de-fum\/","title":{"rendered":"DOD-220 Detector \u00f2ptic de fum"},"content":{"rendered":"<p>Els nous detectors convencionals de la s\u00e8rie 200 han estat desenvolupats utilitzant els \u00faltims aven\u00e7os tecnol\u00f2gics. El seu nou disseny fa de la gamma 200 una de les m\u00e9s elegants del mercat, ideal per a aquelles instal\u00b7lacions on l&#8217;equilibri entre la funcionalitat i l&#8217;est\u00e8tica \u00e9s necessari.<\/p>\n<p>La gamma de detectors convencionals de Detnov de la s\u00e8rie 200, est\u00e0 formada per 4 models de detectors. Un termovelocim\u00e8tric de 58\u00baC, 1 t\u00e8rmic de 78\u00ba, un detector \u00f2ptic i un detector \u00f2ptic-t\u00e8rmic, tots ells compatibles amb les centrals Detnov de la fam\u00edlia CCD-100 i amb la majoria de centrals del mercat.<\/p>\n<p>El detector DOD-220 est\u00e0 basat en una c\u00e0mera de detecci\u00f3 tipus laberint, que gr\u00e0cies al seu disseny en al\u00e7ada evita els corrents d&#8217;aire i facilita la conducci\u00f3 del fum al sensor. El principi de detecci\u00f3 est\u00e0 basat en l&#8217;efecte Tyndall, \u00e9s a dir, en entrar fum a l&#8217;interior de la cambra \u00f2ptica, aquest provoca que el receptor rebi senyal infraroja de l&#8217;emissor, a causa del les reflexions del senyal infraroja en el fum, provocant el estat d\\&#8217;alarma del detector. La c\u00e0mera est\u00e0 protegida amb una reixa que evita l\\&#8217;entrada de brut\u00edcia i insectes, f\u00e0cilment substitu\u00efble en cas de necessitat. Aquest detector tamb\u00e9 incorpora algoritmes de compensaci\u00f3 de la brut\u00edcia de la c\u00e0mera, que evita falses alarmes per brut\u00edcia amb el transcurs del temps, i retarda el manteniment de l&#8217;equip.<\/p>\n<p>Els detectors convencionals de la S\u00e8rie 200 requereixen de la base Z-200 per a la seva connexi\u00f3. La base inclou una opci\u00f3 de bloqueig que evita la seva manipulaci\u00f3, sent necess\u00e0ria una eina per a la seva extracci\u00f3.<\/p>\n<p>Els detectors d&#8217;aquesta s\u00e8rie no necessiten polaritat en la seva instal\u00b7laci\u00f3 gr\u00e0cies a la tecnologia que incorpora, caracter\u00edstica que estalvia errors en la connexi\u00f3, i genera un gran estalvi en el temps d&#8217;execuci\u00f3 de l&#8217;obra.<\/p>\n<p>L&#8217;\u00e0rea de cobertura \u00e9s de 60 m2 i l&#8217;altura m\u00e0xima d&#8217;instal\u00b7laci\u00f3 \u00e9s de 12 metres.<\/p>\n","protected":false},"excerpt":{"rendered":"<p>Els detectors DOD-220 estan indicats per a aquelles instal\u00b7lacions de protecci\u00f3 contra incendis en establiments on un incendi provocaria m\u00e9s fum que calor, o en aquells que existeixi una alta temperatura de forma habitual donada la seva activitat.<\/p>\n","protected":false},"featured_media":262,"template":"","meta":{"_acf_changed":false,"site-sidebar-layout":"default","site-content-layout":"default","ast-site-content-layout":"default","site-content-style":"default","site-sidebar-style":"default","ast-global-header-display":"","ast-banner-title-visibility":"","ast-main-header-display":"","ast-hfb-above-header-display":"","ast-hfb-below-header-display":"","ast-hfb-mobile-header-display":"","site-post-title":"","ast-breadcrumbs-content":"","ast-featured-img":"","footer-sml-layout":"","ast-disable-related-posts":"","theme-transparent-header-meta":"default","adv-header-id-meta":"","stick-header-meta":"","header-above-stick-meta":"","header-main-stick-meta":"","header-below-stick-meta":"","astra-migrate-meta-layouts":"default","ast-page-background-enabled":"default","ast-page-background-meta":{"desktop":{"background-color":"var(--ast-global-color-4)","background-image":"","background-repeat":"repeat","background-position":"center center","background-size":"auto","background-attachment":"scroll","background-type":"","background-media":"","overlay-type":"","overlay-color":"","overlay-opacity":"","overlay-gradient":""},"tablet":{"background-color":"","background-image":"","background-repeat":"repeat","background-position":"center center","background-size":"auto","background-attachment":"scroll","background-type":"","background-media":"","overlay-type":"","overlay-color":"","overlay-opacity":"","overlay-gradient":""},"mobile":{"background-color":"","background-image":"","background-repeat":"repeat","background-position":"center center","background-size":"auto","background-attachment":"scroll","background-type":"","background-media":"","overlay-type":"","overlay-color":"","overlay-opacity":"","overlay-gradient":""}},"ast-content-background-meta":{"desktop":{"background-color":"var(--ast-global-color-5)","background-image":"","background-repeat":"repeat","background-position":"center center","background-size":"auto","background-attachment":"scroll","background-type":"","background-media":"","overlay-type":"","overlay-color":"","overlay-opacity":"","overlay-gradient":""},"tablet":{"background-color":"var(--ast-global-color-5)","background-image":"","background-repeat":"repeat","background-position":"center center","background-size":"auto","background-attachment":"scroll","background-type":"","background-media":"","overlay-type":"","overlay-color":"","overlay-opacity":"","overlay-gradient":""},"mobile":{"background-color":"var(--ast-global-color-5)","background-image":"","background-repeat":"repeat","background-position":"center center","background-size":"auto","background-attachment":"scroll","background-type":"","background-media":"","overlay-type":"","overlay-color":"","overlay-opacity":"","overlay-gradient":""}}},"product_brand":[],"product_cat":[24],"product_tag":[],"class_list":{"0":"post-261","1":"product","2":"type-product","3":"status-publish","4":"has-post-thumbnail","6":"product_cat-detectors-convencionals","7":"desktop-align-left","8":"tablet-align-left","9":"mobile-align-left","11":"first","12":"instock","13":"shipping-taxable","14":"product-type-simple"},"acf":[],"_links":{"self":[{"href":"https:\/\/contrafoc.net\/ca\/wp-json\/wp\/v2\/product\/261","targetHints":{"allow":["GET"]}}],"collection":[{"href":"https:\/\/contrafoc.net\/ca\/wp-json\/wp\/v2\/product"}],"about":[{"href":"https:\/\/contrafoc.net\/ca\/wp-json\/wp\/v2\/types\/product"}],"wp:featuredmedia":[{"embeddable":true,"href":"https:\/\/contrafoc.net\/ca\/wp-json\/wp\/v2\/media\/262"}],"wp:attachment":[{"href":"https:\/\/contrafoc.net\/ca\/wp-json\/wp\/v2\/media?parent=261"}],"wp:term":[{"taxonomy":"product_brand","embeddable":true,"href":"https:\/\/contrafoc.net\/ca\/wp-json\/wp\/v2\/product_brand?post=261"},{"taxonomy":"product_cat","embeddable":true,"href":"https:\/\/contrafoc.net\/ca\/wp-json\/wp\/v2\/product_cat?post=261"},{"taxonomy":"product_tag","embeddable":true,"href":"https:\/\/contrafoc.net\/ca\/wp-json\/wp\/v2\/product_tag?post=261"}],"curies":[{"name":"wp","href":"https:\/\/api.w.org\/{rel}","templated":true}]}}