{"id":1085,"date":"2023-12-12T17:20:36","date_gmt":"2023-12-12T17:20:36","guid":{"rendered":"https:\/\/contrafoc.net\/politica-de-calidad\/"},"modified":"2025-08-07T10:42:06","modified_gmt":"2025-08-07T10:42:06","slug":"politica-de-calidad","status":"publish","type":"page","link":"https:\/\/contrafoc.net\/es\/politica-de-calidad\/","title":{"rendered":"Pol\u00edtica de calidad"},"content":{"rendered":"\t\t<div data-elementor-type=\"wp-page\" data-elementor-id=\"1085\" class=\"elementor elementor-1085 elementor-1079\" data-elementor-post-type=\"page\">\n\t\t\t\t\t\t<section class=\"elementor-section elementor-top-section elementor-element elementor-element-b528410 elementor-section-boxed elementor-section-height-default elementor-section-height-default\" data-id=\"b528410\" data-element_type=\"section\" data-e-type=\"section\">\n\t\t\t\t\t\t<div class=\"elementor-container elementor-column-gap-default\">\n\t\t\t\t\t<div class=\"elementor-column elementor-col-66 elementor-top-column elementor-element elementor-element-8d79ddf\" data-id=\"8d79ddf\" data-element_type=\"column\" data-e-type=\"column\">\n\t\t\t<div class=\"elementor-widget-wrap elementor-element-populated\">\n\t\t\t\t\t\t<section class=\"elementor-section elementor-inner-section elementor-element elementor-element-4ea8a9c elementor-section-boxed elementor-section-height-default elementor-section-height-default\" data-id=\"4ea8a9c\" data-element_type=\"section\" data-e-type=\"section\">\n\t\t\t\t\t\t<div class=\"elementor-container elementor-column-gap-default\">\n\t\t\t\t\t<div class=\"elementor-column elementor-col-100 elementor-inner-column elementor-element elementor-element-8ba0daf\" data-id=\"8ba0daf\" data-element_type=\"column\" data-e-type=\"column\" data-settings=\"{&quot;background_background&quot;:&quot;classic&quot;}\">\n\t\t\t<div class=\"elementor-widget-wrap elementor-element-populated\">\n\t\t\t\t\t\t<div class=\"elementor-element elementor-element-5b55bd2 elementor-widget elementor-widget-text-editor\" data-id=\"5b55bd2\" data-element_type=\"widget\" data-e-type=\"widget\" data-widget_type=\"text-editor.default\">\n\t\t\t\t<div class=\"elementor-widget-container\">\n\t\t\t\t\t\t\t\t\t<h1>Pol\u00edtica de calidad<\/h1>\n<p><strong>CONTRAFOC PROTECCI\u00d3 CONTRA INCENDIS S.L<\/strong> es una empresa dedicada a la venta, instalaci\u00f3n de material y mantenimiento dentro del \u00e1mbito de protecci\u00f3n contra incendios acreditada y autorizada por los servicios de Industria de la Generalitat de Catalunya con n\u00famero de REIC-430021533.<\/p>\n<p>Constituida en 1992 <strong>CONTRAFOC PROTECCI\u00d3 CONTRA INCENDIS S.L<\/strong> es una empresa l\u00edder en materia de protecci\u00f3n contra incendios, con una larga y acreditada experiencia en el sector y con un radio de acci\u00f3n que abarca todo el territorio nacional mediante nuestra flota de veh\u00edculos y talleres m\u00f3viles.<\/p>\n<p>Esta Direcci\u00f3n hace patente su compromiso de mejorar los servicios prestados a los asociados, a trav\u00e9s del desarrollo e implantaci\u00f3n de un sistema integrado de gesti\u00f3n de la calidad, seg\u00fan los criterios de las normas internacionales <strong>UNE-EN ISO 9001:2015<\/strong>, as\u00ed como la mejora continua de su eficacia.<\/p>\n<p>Por ello, esta Direcci\u00f3n ha definido la siguiente <strong>Pol\u00edtica de Calidad<\/strong>, la cual est\u00e1 orientada a satisfacer en grado m\u00e1ximo a nuestros asociados:<\/p>\n<ul>\n<li>Cumplir con los requisitos acordados con el asociado, en particular con nuestro objeto fundamental:\n<ul>\n<li>Promover, difundir y defender los valores y derechos de las familias y familias numerosas, as\u00ed como elevar a los poderes p\u00fablicos todas aquellas propuestas que considerasen convenientes, dando un servicio global a las familias que cuentan con nuestros servicios potenciando as\u00ed mismo su protagonismo como c\u00e9lula b\u00e1sica de la sociedad.<\/li>\n<\/ul>\n<\/li>\n<li>Garantizar el cumplimiento de los requisitos derivados de la reglamentaci\u00f3n y normativa aplicable a nuestra actividad,<\/li>\n<li>Mejorar de forma continua la eficacia del sistema integrado de gesti\u00f3n implantado en nuestra organizaci\u00f3n, orientado a conseguir la mayor satisfacci\u00f3n del asociado, mediante la evaluaci\u00f3n peri\u00f3dica de los resultados.<\/li>\n<li>Motivar a todo el personal de <strong>CONTRAFOC PROTECCI\u00d3 CONTRA INCENDIS S.L<\/strong> en el cumplimiento de sus funciones y responsabilidades.<\/li>\n<li>Asegurar los recursos materiales y humanos de <strong>CONTRAFOC PROTECCI\u00d3 CONTRA INCENDIS S.L<\/strong> para que las actividades se puedan lleven a cabo de forma \u00f3ptima.<\/li>\n<li>Propiciar la sensibilizaci\u00f3n de nuestro personal, usuarios, proveedores y otros colaboradores en los principios recogidos en esta Pol\u00edtica, fomentando la formaci\u00f3n y la toma de conciencia.&nbsp;&nbsp;<span style=\"font-weight: 700;\">22-2-2022 Revisi\u00f3n 2<\/span><\/li>\n<\/ul>\t\t\t\t\t\t\t\t<\/div>\n\t\t\t\t<\/div>\n\t\t\t\t\t<\/div>\n\t\t<\/div>\n\t\t\t\t\t<\/div>\n\t\t<\/section>\n\t\t\t\t\t<\/div>\n\t\t<\/div>\n\t\t\t\t<div class=\"elementor-column elementor-col-33 elementor-top-column elementor-element elementor-element-9751209 elementor-hidden-mobile\" data-id=\"9751209\" data-element_type=\"column\" data-e-type=\"column\" data-settings=\"{&quot;background_background&quot;:&quot;classic&quot;}\">\n\t\t\t<div class=\"elementor-widget-wrap elementor-element-populated\">\n\t\t\t\t\t\t<section class=\"elementor-section elementor-inner-section elementor-element elementor-element-d34f377 elementor-section-boxed elementor-section-height-default elementor-section-height-default\" data-id=\"d34f377\" data-element_type=\"section\" data-e-type=\"section\">\n\t\t\t\t\t\t<div class=\"elementor-container elementor-column-gap-default\">\n\t\t\t\t\t<div class=\"elementor-column elementor-col-100 elementor-inner-column elementor-element elementor-element-bc97432\" data-id=\"bc97432\" data-element_type=\"column\" data-e-type=\"column\" data-settings=\"{&quot;background_background&quot;:&quot;classic&quot;}\">\n\t\t\t<div class=\"elementor-widget-wrap elementor-element-populated\">\n\t\t\t\t\t\t<div class=\"elementor-element elementor-element-faa7c75 elementor-widget elementor-widget-heading\" data-id=\"faa7c75\" data-element_type=\"widget\" data-e-type=\"widget\" data-widget_type=\"heading.default\">\n\t\t\t\t<div class=\"elementor-widget-container\">\n\t\t\t\t\t<h3 class=\"elementor-heading-title elementor-size-default\"><a href=\"https:\/\/contrafoc.net\/extintors-senyals-i-bies\/\">Extintors, senyals i bies<\/a><\/h3>\t\t\t\t<\/div>\n\t\t\t\t<\/div>\n\t\t\t\t\t<\/div>\n\t\t<\/div>\n\t\t\t\t\t<\/div>\n\t\t<\/section>\n\t\t\t\t<section class=\"elementor-section elementor-inner-section elementor-element elementor-element-ce7a868 elementor-section-boxed elementor-section-height-default elementor-section-height-default\" data-id=\"ce7a868\" data-element_type=\"section\" data-e-type=\"section\">\n\t\t\t\t\t\t<div class=\"elementor-container elementor-column-gap-default\">\n\t\t\t\t\t<div class=\"elementor-column elementor-col-100 elementor-inner-column elementor-element elementor-element-20a5662\" data-id=\"20a5662\" data-element_type=\"column\" data-e-type=\"column\" data-settings=\"{&quot;background_background&quot;:&quot;classic&quot;}\">\n\t\t\t<div class=\"elementor-widget-wrap elementor-element-populated\">\n\t\t\t\t\t\t<div class=\"elementor-element elementor-element-8d517e8 elementor-hidden-tablet elementor-hidden-mobile uael-nav-menu__align-left uael-submenu-icon-arrow uael-link-redirect-child uael-nav-menu__breakpoint-tablet uael-nav-menu-toggle-label-no elementor-widget elementor-widget-uael-nav-menu\" data-id=\"8d517e8\" data-element_type=\"widget\" data-e-type=\"widget\" data-widget_type=\"uael-nav-menu.default\">\n\t\t\t\t<div class=\"elementor-widget-container\">\n\t\t\t\t\t\t\t<div class=\"uael-nav-menu uael-layout-vertical uael-nav-menu-layout\" data-layout=\"vertical\">\n\t\t\t\t<div role=\"button\" class=\"uael-nav-menu__toggle elementor-clickable\">\n\t\t\t\t\t<span class=\"screen-reader-text\">Main Menu<\/span>\n\t\t\t\t\t<div class=\"uael-nav-menu-icon\">\n\t\t\t\t\t\t<i aria-hidden=\"true\" class=\"fas fa-align-justify\"><\/i>\t\t\t\t\t<\/div>\n\t\t\t\t\t\t\t\t\t<\/div>\n\t\t\t\t\t\t\t<nav itemscope=\"itemscope\" itemtype=\"http:\/\/schema.org\/SiteNavigationElement\" class=\"uael-nav-menu__layout-vertical uael-nav-menu__submenu-arrow\" data-toggle-icon=\"&lt;i aria-hidden=&quot;true&quot; class=&quot;fas fa-align-justify&quot;&gt;&lt;\/i&gt;\" data-close-icon=\"&lt;i aria-hidden=&quot;true&quot; class=&quot;far fa-window-close&quot;&gt;&lt;\/i&gt;\" data-full-width=\"yes\"><ul id=\"menu-1-8d517e8\" class=\"uael-nav-menu\"><li id=\"menu-item-346\" itemprop=\"name\" class=\"menu-item menu-item-type-taxonomy menu-item-object-product_cat parent uael-creative-menu\"><a href=\"https:\/\/contrafoc.net\/ca\/categoria-producto\/extintors-pols-abc\/\" itemprop=\"url\" class = \"uael-menu-item\">Extintors Pols ABC<\/a><\/li>\n<li id=\"menu-item-344\" itemprop=\"name\" class=\"menu-item menu-item-type-taxonomy menu-item-object-product_cat parent uael-creative-menu\"><a href=\"https:\/\/contrafoc.net\/ca\/categoria-producto\/extintors-aigua-afff\/\" itemprop=\"url\" class = \"uael-menu-item\">Extintors Aigua + AFFF<\/a><\/li>\n<li id=\"menu-item-345\" itemprop=\"name\" class=\"menu-item menu-item-type-taxonomy menu-item-object-product_cat parent uael-creative-menu\"><a href=\"https:\/\/contrafoc.net\/ca\/categoria-producto\/extintors-co2\/\" itemprop=\"url\" class = \"uael-menu-item\">Extintors CO2<\/a><\/li>\n<li id=\"menu-item-347\" itemprop=\"name\" class=\"menu-item menu-item-type-taxonomy menu-item-object-product_cat parent uael-creative-menu\"><a href=\"https:\/\/contrafoc.net\/ca\/categoria-producto\/marina\/\" itemprop=\"url\" class = \"uael-menu-item\">Marina<\/a><\/li>\n<li id=\"menu-item-341\" itemprop=\"name\" class=\"menu-item menu-item-type-taxonomy menu-item-object-product_cat parent uael-creative-menu\"><a href=\"https:\/\/contrafoc.net\/ca\/categoria-producto\/boques-dincendi-equipades-bies\/\" itemprop=\"url\" class = \"uael-menu-item\">Boques d&#8217;incendi equipades (BIES)<\/a><\/li>\n<li id=\"menu-item-340\" itemprop=\"name\" class=\"menu-item menu-item-type-taxonomy menu-item-object-product_cat parent uael-creative-menu\"><a href=\"https:\/\/contrafoc.net\/ca\/categoria-producto\/armaris-en-termoplastic-especial-intemperie\/\" itemprop=\"url\" class = \"uael-menu-item\">Armaris en termopl\u00e0stic especial intemperie<\/a><\/li>\n<li id=\"menu-item-343\" itemprop=\"name\" class=\"menu-item menu-item-type-taxonomy menu-item-object-product_cat parent uael-creative-menu\"><a href=\"https:\/\/contrafoc.net\/ca\/categoria-producto\/caseta-intemperie\/\" itemprop=\"url\" class = \"uael-menu-item\">Caseta Intemperie<\/a><\/li>\n<li id=\"menu-item-342\" itemprop=\"name\" class=\"menu-item menu-item-type-taxonomy menu-item-object-product_cat parent uael-creative-menu\"><a href=\"https:\/\/contrafoc.net\/ca\/categoria-producto\/caseta-hidratant\/\" itemprop=\"url\" class = \"uael-menu-item\">Caseta Hidratant<\/a><\/li>\n<li id=\"menu-item-349\" itemprop=\"name\" class=\"menu-item menu-item-type-taxonomy menu-item-object-product_cat parent uael-creative-menu\"><a href=\"https:\/\/contrafoc.net\/ca\/categoria-producto\/valvules\/\" itemprop=\"url\" class = \"uael-menu-item\">V\u00e0lvules<\/a><\/li>\n<li id=\"menu-item-348\" itemprop=\"name\" class=\"menu-item menu-item-type-taxonomy menu-item-object-product_cat parent uael-creative-menu\"><a href=\"https:\/\/contrafoc.net\/ca\/categoria-producto\/senyalitzacions\/\" itemprop=\"url\" class = \"uael-menu-item\">Senyalitzacions<\/a><\/li>\n<\/ul><\/nav>\n\t\t\t\t\t<\/div>\n\t\t\t\t\t\t\t<\/div>\n\t\t\t\t<\/div>\n\t\t\t\t\t<\/div>\n\t\t<\/div>\n\t\t\t\t\t<\/div>\n\t\t<\/section>\n\t\t\t\t<section class=\"elementor-section elementor-inner-section elementor-element elementor-element-01c670b elementor-section-boxed elementor-section-height-default elementor-section-height-default\" data-id=\"01c670b\" data-element_type=\"section\" data-e-type=\"section\">\n\t\t\t\t\t\t<div class=\"elementor-container elementor-column-gap-default\">\n\t\t\t\t\t<div class=\"elementor-column elementor-col-100 elementor-inner-column elementor-element elementor-element-b9a225b\" data-id=\"b9a225b\" data-element_type=\"column\" data-e-type=\"column\" data-settings=\"{&quot;background_background&quot;:&quot;classic&quot;}\">\n\t\t\t<div class=\"elementor-widget-wrap elementor-element-populated\">\n\t\t\t\t\t\t<div class=\"elementor-element elementor-element-ee22bf6 elementor-widget elementor-widget-heading\" data-id=\"ee22bf6\" data-element_type=\"widget\" data-e-type=\"widget\" data-widget_type=\"heading.default\">\n\t\t\t\t<div class=\"elementor-widget-container\">\n\t\t\t\t\t<h3 class=\"elementor-heading-title elementor-size-default\"><a href=\"https:\/\/contrafoc.net\/deteccio-i-proteccio-contra-incendis-i-gas\/\">Detecci\u00f3 i protecci\u00f3 contra incendis i gas<\/a><\/h3>\t\t\t\t<\/div>\n\t\t\t\t<\/div>\n\t\t\t\t\t<\/div>\n\t\t<\/div>\n\t\t\t\t\t<\/div>\n\t\t<\/section>\n\t\t\t\t<section class=\"elementor-section elementor-inner-section elementor-element elementor-element-531cf70 elementor-section-boxed elementor-section-height-default elementor-section-height-default\" data-id=\"531cf70\" data-element_type=\"section\" data-e-type=\"section\">\n\t\t\t\t\t\t<div class=\"elementor-container elementor-column-gap-default\">\n\t\t\t\t\t<div class=\"elementor-column elementor-col-100 elementor-inner-column elementor-element elementor-element-1cb157f\" data-id=\"1cb157f\" data-element_type=\"column\" data-e-type=\"column\" data-settings=\"{&quot;background_background&quot;:&quot;classic&quot;}\">\n\t\t\t<div class=\"elementor-widget-wrap elementor-element-populated\">\n\t\t\t\t\t\t<div class=\"elementor-element elementor-element-1d5df61 elementor-hidden-tablet elementor-hidden-mobile uael-nav-menu__align-left uael-submenu-icon-arrow uael-link-redirect-child uael-nav-menu__breakpoint-tablet uael-nav-menu-toggle-label-no elementor-widget elementor-widget-uael-nav-menu\" data-id=\"1d5df61\" data-element_type=\"widget\" data-e-type=\"widget\" data-widget_type=\"uael-nav-menu.default\">\n\t\t\t\t<div class=\"elementor-widget-container\">\n\t\t\t\t\t\t\t<div class=\"uael-nav-menu uael-layout-vertical uael-nav-menu-layout\" data-layout=\"vertical\">\n\t\t\t\t<div role=\"button\" class=\"uael-nav-menu__toggle elementor-clickable\">\n\t\t\t\t\t<span class=\"screen-reader-text\">Main Menu<\/span>\n\t\t\t\t\t<div class=\"uael-nav-menu-icon\">\n\t\t\t\t\t\t<i aria-hidden=\"true\" class=\"fas fa-align-justify\"><\/i>\t\t\t\t\t<\/div>\n\t\t\t\t\t\t\t\t\t<\/div>\n\t\t\t\t\t\t\t<nav itemscope=\"itemscope\" itemtype=\"http:\/\/schema.org\/SiteNavigationElement\" class=\"uael-nav-menu__layout-vertical uael-nav-menu__submenu-arrow\" data-toggle-icon=\"&lt;i aria-hidden=&quot;true&quot; class=&quot;fas fa-align-justify&quot;&gt;&lt;\/i&gt;\" data-close-icon=\"&lt;i aria-hidden=&quot;true&quot; class=&quot;far fa-window-close&quot;&gt;&lt;\/i&gt;\" data-full-width=\"yes\"><ul id=\"menu-1-1d5df61\" class=\"uael-nav-menu\"><li id=\"menu-item-350\" itemprop=\"name\" itemprop=\"name\" class=\"menu-item menu-item-type-taxonomy menu-item-object-product_cat parent uael-creative-menu\"><a href=\"https:\/\/contrafoc.net\/ca\/categoria-producto\/central-de-deteccio-dincendis\/\" itemprop=\"url\" itemprop=\"url\" class = \"uael-menu-item\">Central de detecci\u00f3 d&#8217;incendis<\/a><\/li>\n<li id=\"menu-item-352\" itemprop=\"name\" itemprop=\"name\" class=\"menu-item menu-item-type-taxonomy menu-item-object-product_cat parent uael-creative-menu\"><a href=\"https:\/\/contrafoc.net\/ca\/categoria-producto\/detectors-convencionals\/\" itemprop=\"url\" itemprop=\"url\" class = \"uael-menu-item\">Detectors convencionals<\/a><\/li>\n<li id=\"menu-item-354\" itemprop=\"name\" itemprop=\"name\" class=\"menu-item menu-item-type-taxonomy menu-item-object-product_cat parent uael-creative-menu\"><a href=\"https:\/\/contrafoc.net\/ca\/categoria-producto\/polsadors\/\" itemprop=\"url\" itemprop=\"url\" class = \"uael-menu-item\">Polsadors<\/a><\/li>\n<li id=\"menu-item-355\" itemprop=\"name\" itemprop=\"name\" class=\"menu-item menu-item-type-taxonomy menu-item-object-product_cat parent uael-creative-menu\"><a href=\"https:\/\/contrafoc.net\/ca\/categoria-producto\/sirenes\/\" itemprop=\"url\" itemprop=\"url\" class = \"uael-menu-item\">Sirenes<\/a><\/li>\n<li id=\"menu-item-351\" itemprop=\"name\" itemprop=\"name\" class=\"menu-item menu-item-type-taxonomy menu-item-object-product_cat parent uael-creative-menu\"><a href=\"https:\/\/contrafoc.net\/ca\/categoria-producto\/centrals-de-monoxid\/\" itemprop=\"url\" itemprop=\"url\" class = \"uael-menu-item\">Centrals de mon\u00f2xid<\/a><\/li>\n<li id=\"menu-item-353\" itemprop=\"name\" itemprop=\"name\" class=\"menu-item menu-item-type-taxonomy menu-item-object-product_cat parent uael-creative-menu\"><a href=\"https:\/\/contrafoc.net\/ca\/categoria-producto\/detectors-de-monoxid\/\" itemprop=\"url\" itemprop=\"url\" class = \"uael-menu-item\">Detectors de mon\u00f2xid<\/a><\/li>\n<\/ul><\/nav>\n\t\t\t\t\t<\/div>\n\t\t\t\t\t\t\t<\/div>\n\t\t\t\t<\/div>\n\t\t\t\t\t<\/div>\n\t\t<\/div>\n\t\t\t\t\t<\/div>\n\t\t<\/section>\n\t\t\t\t<section class=\"elementor-section elementor-inner-section elementor-element elementor-element-f930baa elementor-section-boxed elementor-section-height-default elementor-section-height-default\" data-id=\"f930baa\" data-element_type=\"section\" data-e-type=\"section\">\n\t\t\t\t\t\t<div class=\"elementor-container elementor-column-gap-default\">\n\t\t\t\t\t<div class=\"elementor-column elementor-col-100 elementor-inner-column elementor-element elementor-element-3ca7b5d\" data-id=\"3ca7b5d\" data-element_type=\"column\" data-e-type=\"column\" data-settings=\"{&quot;background_background&quot;:&quot;classic&quot;}\">\n\t\t\t<div class=\"elementor-widget-wrap elementor-element-populated\">\n\t\t\t\t\t\t<div class=\"elementor-element elementor-element-ec24a87 elementor-widget elementor-widget-image\" data-id=\"ec24a87\" data-element_type=\"widget\" data-e-type=\"widget\" data-widget_type=\"image.default\">\n\t\t\t\t<div class=\"elementor-widget-container\">\n\t\t\t\t\t\t\t\t\t\t\t\t\t\t\t<img fetchpriority=\"high\" decoding=\"async\" width=\"309\" height=\"309\" src=\"https:\/\/contrafoc.net\/wp-content\/uploads\/2023\/03\/deteccio-fons.jpg\" class=\"attachment-large size-large wp-image-359\" alt=\"\" srcset=\"https:\/\/contrafoc.net\/wp-content\/uploads\/2023\/03\/deteccio-fons.jpg 309w, https:\/\/contrafoc.net\/wp-content\/uploads\/2023\/03\/deteccio-fons-300x300.jpg 300w, https:\/\/contrafoc.net\/wp-content\/uploads\/2023\/03\/deteccio-fons-150x150.jpg 150w, https:\/\/contrafoc.net\/wp-content\/uploads\/2023\/03\/deteccio-fons-100x100.jpg 100w\" sizes=\"(max-width: 309px) 100vw, 309px\" \/>\t\t\t\t\t\t\t\t\t\t\t\t\t\t\t<\/div>\n\t\t\t\t<\/div>\n\t\t\t\t\t<\/div>\n\t\t<\/div>\n\t\t\t\t\t<\/div>\n\t\t<\/section>\n\t\t\t\t\t<\/div>\n\t\t<\/div>\n\t\t\t\t\t<\/div>\n\t\t<\/section>\n\t\t\t\t<\/div>\n\t\t","protected":false},"excerpt":{"rendered":"<p>Pol\u00edtica de calidad CONTRAFOC PROTECCI\u00d3 CONTRA INCENDIS S.L es una empresa dedicada a la venta, instalaci\u00f3n de material y mantenimiento dentro del \u00e1mbito de protecci\u00f3n contra incendios acreditada y autorizada por los servicios de Industria de la Generalitat de Catalunya con n\u00famero de REIC-430021533. Constituida en 1992 CONTRAFOC PROTECCI\u00d3 CONTRA INCENDIS S.L es una empresa [&hellip;]<\/p>\n","protected":false},"author":1,"featured_media":0,"parent":0,"menu_order":0,"comment_status":"closed","ping_status":"closed","template":"elementor_header_footer","meta":{"_acf_changed":false,"site-sidebar-layout":"no-sidebar","site-content-layout":"page-builder","ast-site-content-layout":"default","site-content-style":"default","site-sidebar-style":"default","ast-global-header-display":"","ast-banner-title-visibility":"","ast-main-header-display":"","ast-hfb-above-header-display":"","ast-hfb-below-header-display":"","ast-hfb-mobile-header-display":"","site-post-title":"disabled","ast-breadcrumbs-content":"","ast-featured-img":"disabled","footer-sml-layout":"","ast-disable-related-posts":"","theme-transparent-header-meta":"","adv-header-id-meta":"","stick-header-meta":"","header-above-stick-meta":"","header-main-stick-meta":"","header-below-stick-meta":"","astra-migrate-meta-layouts":"default","ast-page-background-enabled":"default","ast-page-background-meta":{"desktop":{"background-color":"var(--ast-global-color-4)","background-image":"","background-repeat":"repeat","background-position":"center center","background-size":"auto","background-attachment":"scroll","background-type":"","background-media":"","overlay-type":"","overlay-color":"","overlay-opacity":"","overlay-gradient":""},"tablet":{"background-color":"","background-image":"","background-repeat":"repeat","background-position":"center center","background-size":"auto","background-attachment":"scroll","background-type":"","background-media":"","overlay-type":"","overlay-color":"","overlay-opacity":"","overlay-gradient":""},"mobile":{"background-color":"","background-image":"","background-repeat":"repeat","background-position":"center center","background-size":"auto","background-attachment":"scroll","background-type":"","background-media":"","overlay-type":"","overlay-color":"","overlay-opacity":"","overlay-gradient":""}},"ast-content-background-meta":{"desktop":{"background-color":"var(--ast-global-color-5)","background-image":"","background-repeat":"repeat","background-position":"center center","background-size":"auto","background-attachment":"scroll","background-type":"","background-media":"","overlay-type":"","overlay-color":"","overlay-opacity":"","overlay-gradient":""},"tablet":{"background-color":"var(--ast-global-color-5)","background-image":"","background-repeat":"repeat","background-position":"center center","background-size":"auto","background-attachment":"scroll","background-type":"","background-media":"","overlay-type":"","overlay-color":"","overlay-opacity":"","overlay-gradient":""},"mobile":{"background-color":"var(--ast-global-color-5)","background-image":"","background-repeat":"repeat","background-position":"center center","background-size":"auto","background-attachment":"scroll","background-type":"","background-media":"","overlay-type":"","overlay-color":"","overlay-opacity":"","overlay-gradient":""}},"footnotes":""},"class_list":["post-1085","page","type-page","status-publish","hentry"],"acf":[],"_links":{"self":[{"href":"https:\/\/contrafoc.net\/es\/wp-json\/wp\/v2\/pages\/1085","targetHints":{"allow":["GET"]}}],"collection":[{"href":"https:\/\/contrafoc.net\/es\/wp-json\/wp\/v2\/pages"}],"about":[{"href":"https:\/\/contrafoc.net\/es\/wp-json\/wp\/v2\/types\/page"}],"author":[{"embeddable":true,"href":"https:\/\/contrafoc.net\/es\/wp-json\/wp\/v2\/users\/1"}],"replies":[{"embeddable":true,"href":"https:\/\/contrafoc.net\/es\/wp-json\/wp\/v2\/comments?post=1085"}],"version-history":[{"count":8,"href":"https:\/\/contrafoc.net\/es\/wp-json\/wp\/v2\/pages\/1085\/revisions"}],"predecessor-version":[{"id":1152,"href":"https:\/\/contrafoc.net\/es\/wp-json\/wp\/v2\/pages\/1085\/revisions\/1152"}],"wp:attachment":[{"href":"https:\/\/contrafoc.net\/es\/wp-json\/wp\/v2\/media?parent=1085"}],"curies":[{"name":"wp","href":"https:\/\/api.w.org\/{rel}","templated":true}]}}