{"id":1112,"date":"2025-03-27T11:08:37","date_gmt":"2025-03-27T11:08:37","guid":{"rendered":"https:\/\/contrafoc.net\/declaracio-daccessibilitat\/"},"modified":"2025-03-27T11:13:14","modified_gmt":"2025-03-27T11:13:14","slug":"declaracio-daccessibilitat","status":"publish","type":"page","link":"https:\/\/contrafoc.net\/es\/declaracio-daccessibilitat\/","title":{"rendered":"Declaraci\u00f3n de accesibilidad"},"content":{"rendered":"\n<h6 class=\"wp-block-heading has-text-align-center\">Declaraci\u00f3n de accesibilidad por https:\/\/contrafoc.net\/<\/h6>\n\n\n\n<p>Contrafoc se compromete a garantizar la accesibilidad digital de las personas con discapacidad. Estamos mejorando continuamente la experiencia de usuario para todos y aplicando los est\u00e1ndares de accesibilidad pertinentes.<\/p>\n\n\n\n<p><strong>Estado de conformidad<\/strong><\/p>\n\n\n\n<p>Las Directrices de accesibilidad de contenido web (WCAG) definen requisitos para los dise\u00f1adores y desarrolladores para mejorar la accesibilidad para las personas con discapacidad. Define tres niveles de conformidad: Nivel A, Nivel AA y Nivel AAA.A, Level AA y Level AAA.<\/p>\n\n\n\n<p>Contrafuego est\u00e1 haciendo esfuerzos constantes por mejorar la accesibilidad de su sitio y servicios en la creencia de que es nuestra obligaci\u00f3n moral colectiva permitir un uso fluido, accesible y sin obst\u00e1culos para aquellos de nosotros con discapacidad.<\/p>\n\n\n\n<p>Pretendemos hacer accesibles todas las p\u00e1ginas y contenidos en https:\/\/contrafoc.net\/, pero es posible que algunos contenidos todav\u00eda no cumplan totalmente con los m\u00e1s altos est\u00e1ndares de accesibilidad. Esto podr\u00eda deberse a los retos para identificar la soluci\u00f3n tecnol\u00f3gica m\u00e1s adecuada.<\/p>\n\n\n\n<p>Podemos revisar esta Declaraci\u00f3n peri\u00f3dicamente para reflejar mejoras o cambios en nuestras pr\u00e1cticas de accesibilidad.<\/p>\n\n\n\n<p><strong>Feedback<\/strong><\/p>\n\n\n\n<p>Agradecemos sus comentarios sobre la accesibilidad del sitio web de Contrafoc. Por favor, h\u00e1ganos saber si encuentra barreras de accesibilidad en nuestro sitio web:<\/p>\n\n\n\n<p>Correo electr\u00f3nico: administracion@contrafoc.net<\/p>\n\n\n\n<p>Intentamos responder a los comentarios en un plazo de 3 a 5 d\u00edas laborables.<\/p>\n\n\n\n<p>Esta declaraci\u00f3n fue creada el 27\/3\/2025.<\/p>\n","protected":false},"excerpt":{"rendered":"<p>Declaraci\u00f3n de accesibilidad por https:\/\/contrafoc.net\/ Contrafoc se compromete a garantizar la accesibilidad digital de las personas con discapacidad. Estamos mejorando continuamente la experiencia de usuario para todos y aplicando los est\u00e1ndares de accesibilidad pertinentes. Estado de conformidad Las Directrices de accesibilidad de contenido web (WCAG) definen requisitos para los dise\u00f1adores y desarrolladores para mejorar la [&hellip;]<\/p>\n","protected":false},"author":1,"featured_media":0,"parent":0,"menu_order":0,"comment_status":"closed","ping_status":"closed","template":"","meta":{"_acf_changed":false,"site-sidebar-layout":"default","site-content-layout":"","ast-site-content-layout":"default","site-content-style":"default","site-sidebar-style":"default","ast-global-header-display":"","ast-banner-title-visibility":"","ast-main-header-display":"","ast-hfb-above-header-display":"","ast-hfb-below-header-display":"","ast-hfb-mobile-header-display":"","site-post-title":"","ast-breadcrumbs-content":"","ast-featured-img":"","footer-sml-layout":"","ast-disable-related-posts":"","theme-transparent-header-meta":"","adv-header-id-meta":"","stick-header-meta":"","header-above-stick-meta":"","header-main-stick-meta":"","header-below-stick-meta":"","astra-migrate-meta-layouts":"set","ast-page-background-enabled":"default","ast-page-background-meta":{"desktop":{"background-color":"var(--ast-global-color-4)","background-image":"","background-repeat":"repeat","background-position":"center center","background-size":"auto","background-attachment":"scroll","background-type":"","background-media":"","overlay-type":"","overlay-color":"","overlay-opacity":"","overlay-gradient":""},"tablet":{"background-color":"","background-image":"","background-repeat":"repeat","background-position":"center center","background-size":"auto","background-attachment":"scroll","background-type":"","background-media":"","overlay-type":"","overlay-color":"","overlay-opacity":"","overlay-gradient":""},"mobile":{"background-color":"","background-image":"","background-repeat":"repeat","background-position":"center center","background-size":"auto","background-attachment":"scroll","background-type":"","background-media":"","overlay-type":"","overlay-color":"","overlay-opacity":"","overlay-gradient":""}},"ast-content-background-meta":{"desktop":{"background-color":"var(--ast-global-color-5)","background-image":"","background-repeat":"repeat","background-position":"center center","background-size":"auto","background-attachment":"scroll","background-type":"","background-media":"","overlay-type":"","overlay-color":"","overlay-opacity":"","overlay-gradient":""},"tablet":{"background-color":"var(--ast-global-color-5)","background-image":"","background-repeat":"repeat","background-position":"center center","background-size":"auto","background-attachment":"scroll","background-type":"","background-media":"","overlay-type":"","overlay-color":"","overlay-opacity":"","overlay-gradient":""},"mobile":{"background-color":"var(--ast-global-color-5)","background-image":"","background-repeat":"repeat","background-position":"center center","background-size":"auto","background-attachment":"scroll","background-type":"","background-media":"","overlay-type":"","overlay-color":"","overlay-opacity":"","overlay-gradient":""}},"footnotes":""},"class_list":["post-1112","page","type-page","status-publish","hentry"],"acf":[],"_links":{"self":[{"href":"https:\/\/contrafoc.net\/es\/wp-json\/wp\/v2\/pages\/1112","targetHints":{"allow":["GET"]}}],"collection":[{"href":"https:\/\/contrafoc.net\/es\/wp-json\/wp\/v2\/pages"}],"about":[{"href":"https:\/\/contrafoc.net\/es\/wp-json\/wp\/v2\/types\/page"}],"author":[{"embeddable":true,"href":"https:\/\/contrafoc.net\/es\/wp-json\/wp\/v2\/users\/1"}],"replies":[{"embeddable":true,"href":"https:\/\/contrafoc.net\/es\/wp-json\/wp\/v2\/comments?post=1112"}],"version-history":[{"count":2,"href":"https:\/\/contrafoc.net\/es\/wp-json\/wp\/v2\/pages\/1112\/revisions"}],"predecessor-version":[{"id":1114,"href":"https:\/\/contrafoc.net\/es\/wp-json\/wp\/v2\/pages\/1112\/revisions\/1114"}],"wp:attachment":[{"href":"https:\/\/contrafoc.net\/es\/wp-json\/wp\/v2\/media?parent=1112"}],"curies":[{"name":"wp","href":"https:\/\/api.w.org\/{rel}","templated":true}]}}