{"id":608,"date":"2023-03-06T12:21:32","date_gmt":"2023-03-06T12:21:32","guid":{"rendered":"https:\/\/novaweb.contrafoc.net\/producto\/dtd-210-detector-termovelocimetric\/"},"modified":"2023-03-13T16:12:06","modified_gmt":"2023-03-13T16:12:06","slug":"dtd-210-detector-termovelocimetrico","status":"publish","type":"product","link":"https:\/\/contrafoc.net\/es\/producto\/dtd-210-detector-termovelocimetrico\/","title":{"rendered":"DTD-210 Detector termovelocim\u00e9trico"},"content":{"rendered":"<p>Los nuevos detectores convencionales de la serie 200 se han desarrollado utilizando los \u00faltimos avances tecnol\u00f3gicos. Su nuevo dise\u00f1o hace de la gama 200 una de las m\u00e1s elegantes del mercado, ideal para aquellas instalaciones en las que el equilibrio entre la funcionalidad y la est\u00e9tica es necesario.<\/p>\n<p>La gama de detectores convencionales de Detnov de la serie 200, est\u00e1 formada por 4 modelos de detectores. Un termovelocim\u00e9trico de 58 \u00ba C, 1 t\u00e9rmico de 78 \u00ba, un detector \u00f3ptico y un detector \u00f3ptico-t\u00e9rmico, todos ellos compatibles con las centrales Detnov de la familia CCD-100 y con la mayor\u00eda de centrales del mercado.<\/p>\n<p>El detector DTD-210 funciona por un incremento de temperatura r\u00e1pido en un tiempo concreto o por alcanzar los 58\u00baC, en ambos casos el detector entrar\u00e1 en estado de alarma, encendiendo el led que incorpora.<\/p>\n<p>Los detectores convencionales de la Serie 200 requieren de la base Z-200 para su conexi\u00f3n. La base incluye una opci\u00f3n de bloqueo que evita su manipulaci\u00f3n, siendo necesaria una herramienta para su extracci\u00f3n.<\/p>\n<p>Los detectores de esta serie no necesitan polaridad en su instalaci\u00f3n gracias a la tecnolog\u00eda que incorpora, caracter\u00edstica que ahorra errores en la conexi\u00f3n, generando un gran ahorro en el tiempo de ejecuci\u00f3n de la obra.<\/p>\n<p>El \u00e1rea de cobertura es de 20 m2 y la altura m\u00e1xima de instalaci\u00f3n es de 6 metros.<\/p>\n","protected":false},"excerpt":{"rendered":"<p>Els detectors DTD-210 estan indicats per a aquelles instal\u00b7lacions de protecci\u00f3 contra incendis en establiments on un incendi provocaria m\u00e9s calor que fum, tamb\u00e9 est\u00e0 indicat per a aquells establiments que hi hagi fum, vapor o pols de forma habitual donada la seva activitat, com ara cuines industrials, sales de calderes, vestidors i aparcaments.<\/p>\n","protected":false},"featured_media":517,"template":"","meta":{"_acf_changed":false,"site-sidebar-layout":"default","site-content-layout":"default","ast-site-content-layout":"default","site-content-style":"default","site-sidebar-style":"default","ast-global-header-display":"","ast-banner-title-visibility":"","ast-main-header-display":"","ast-hfb-above-header-display":"","ast-hfb-below-header-display":"","ast-hfb-mobile-header-display":"","site-post-title":"","ast-breadcrumbs-content":"","ast-featured-img":"","footer-sml-layout":"","ast-disable-related-posts":"","theme-transparent-header-meta":"default","adv-header-id-meta":"","stick-header-meta":"","header-above-stick-meta":"","header-main-stick-meta":"","header-below-stick-meta":"","astra-migrate-meta-layouts":"default","ast-page-background-enabled":"default","ast-page-background-meta":{"desktop":{"background-color":"var(--ast-global-color-4)","background-image":"","background-repeat":"repeat","background-position":"center center","background-size":"auto","background-attachment":"scroll","background-type":"","background-media":"","overlay-type":"","overlay-color":"","overlay-opacity":"","overlay-gradient":""},"tablet":{"background-color":"","background-image":"","background-repeat":"repeat","background-position":"center center","background-size":"auto","background-attachment":"scroll","background-type":"","background-media":"","overlay-type":"","overlay-color":"","overlay-opacity":"","overlay-gradient":""},"mobile":{"background-color":"","background-image":"","background-repeat":"repeat","background-position":"center center","background-size":"auto","background-attachment":"scroll","background-type":"","background-media":"","overlay-type":"","overlay-color":"","overlay-opacity":"","overlay-gradient":""}},"ast-content-background-meta":{"desktop":{"background-color":"var(--ast-global-color-5)","background-image":"","background-repeat":"repeat","background-position":"center center","background-size":"auto","background-attachment":"scroll","background-type":"","background-media":"","overlay-type":"","overlay-color":"","overlay-opacity":"","overlay-gradient":""},"tablet":{"background-color":"var(--ast-global-color-5)","background-image":"","background-repeat":"repeat","background-position":"center center","background-size":"auto","background-attachment":"scroll","background-type":"","background-media":"","overlay-type":"","overlay-color":"","overlay-opacity":"","overlay-gradient":""},"mobile":{"background-color":"var(--ast-global-color-5)","background-image":"","background-repeat":"repeat","background-position":"center center","background-size":"auto","background-attachment":"scroll","background-type":"","background-media":"","overlay-type":"","overlay-color":"","overlay-opacity":"","overlay-gradient":""}}},"product_brand":[],"product_cat":[58],"product_tag":[],"class_list":{"0":"post-608","1":"product","2":"type-product","3":"status-publish","4":"has-post-thumbnail","6":"product_cat-detectores-convencionales","7":"desktop-align-left","8":"tablet-align-left","9":"mobile-align-left","11":"first","12":"instock","13":"shipping-taxable","14":"product-type-simple"},"acf":[],"_links":{"self":[{"href":"https:\/\/contrafoc.net\/es\/wp-json\/wp\/v2\/product\/608","targetHints":{"allow":["GET"]}}],"collection":[{"href":"https:\/\/contrafoc.net\/es\/wp-json\/wp\/v2\/product"}],"about":[{"href":"https:\/\/contrafoc.net\/es\/wp-json\/wp\/v2\/types\/product"}],"wp:featuredmedia":[{"embeddable":true,"href":"https:\/\/contrafoc.net\/es\/wp-json\/wp\/v2\/media\/517"}],"wp:attachment":[{"href":"https:\/\/contrafoc.net\/es\/wp-json\/wp\/v2\/media?parent=608"}],"wp:term":[{"taxonomy":"product_brand","embeddable":true,"href":"https:\/\/contrafoc.net\/es\/wp-json\/wp\/v2\/product_brand?post=608"},{"taxonomy":"product_cat","embeddable":true,"href":"https:\/\/contrafoc.net\/es\/wp-json\/wp\/v2\/product_cat?post=608"},{"taxonomy":"product_tag","embeddable":true,"href":"https:\/\/contrafoc.net\/es\/wp-json\/wp\/v2\/product_tag?post=608"}],"curies":[{"name":"wp","href":"https:\/\/api.w.org\/{rel}","templated":true}]}}