{"id":623,"date":"2023-03-13T11:40:42","date_gmt":"2023-03-13T11:40:42","guid":{"rendered":"https:\/\/novaweb.contrafoc.net\/producto\/dmd-500-detector-monoxido-estandar\/"},"modified":"2023-03-13T17:09:40","modified_gmt":"2023-03-13T17:09:40","slug":"dmd-500-detector-monoxido-estandar","status":"publish","type":"product","link":"https:\/\/contrafoc.net\/es\/producto\/dmd-500-detector-monoxido-estandar\/","title":{"rendered":"DMD-500 Detector mon\u00f3xido est\u00e1ndar"},"content":{"rendered":"<p>Estos detectores han sido desarrollados utilizando los \u00faltimos avances tecnol\u00f3gicos. Su novedoso dise\u00f1o hace de esta gama una de las m\u00e1s elegantes del mercado, ideal para cualquier tipo de instalaci\u00f3n, y especialmente aquellas donde el equilibrio entre funcionalidad y est\u00e9tica sea necesario.<\/p>\n<p>Gracias a la tecnolog\u00eda de c\u00e9lula electroqu\u00edmica y a los algoritmos de c\u00e1lculo utilizados, los detectores de la serie 500 proporcionan gran fiabilidad y precisi\u00f3n en la detecci\u00f3n de mon\u00f3xido de carbono, alcanzando una resoluci\u00f3n de 1 ppm en un tiempo inferior a 10 segundos.<\/p>\n<p>Los detectores de mon\u00f3xido de carbono son insensibles a la polaridad, y se conectan a la gama de centrales CMD-500 mediante dos hilos. El conexionado soporta cualquier topolog\u00eda, para adaptarse a las necesidades de la instalaci\u00f3n. La l\u00ednea de conexi\u00f3n puede soportar hasta 32 detectores con una distancia m\u00e1xima de 2 Km.<\/p>\n<p>El detector DMD-500 est\u00e1 pensado para utilizarlo en los lugares que los puntos de detecci\u00f3n deban estar en el techo, y el DMDP-500 se utiliza en las instalaciones que los elementos sensores se instalen en la pared. Este \u00faltimo detector tambi\u00e9n se puede utilizar en todos aquellos lugares que el requerimiento IP sea muy exigente.<\/p>\n","protected":false},"excerpt":{"rendered":"<p>Estos detectores han sido desarrollados utilizando los \u00faltimos avances tecnol\u00f3gicos. Su novedoso dise\u00f1o hace de esta gama una de las m\u00e1s elegantes del mercado, ideal para cualquier tipo de instalaci\u00f3n, y especialmente aquellas donde el equilibrio entre funcionalidad y est\u00e9tica sea necesario.<\/p>\n","protected":false},"featured_media":525,"template":"","meta":{"_acf_changed":false,"site-sidebar-layout":"default","site-content-layout":"default","ast-site-content-layout":"default","site-content-style":"default","site-sidebar-style":"default","ast-global-header-display":"","ast-banner-title-visibility":"","ast-main-header-display":"","ast-hfb-above-header-display":"","ast-hfb-below-header-display":"","ast-hfb-mobile-header-display":"","site-post-title":"","ast-breadcrumbs-content":"","ast-featured-img":"","footer-sml-layout":"","ast-disable-related-posts":"","theme-transparent-header-meta":"default","adv-header-id-meta":"","stick-header-meta":"","header-above-stick-meta":"","header-main-stick-meta":"","header-below-stick-meta":"","astra-migrate-meta-layouts":"default","ast-page-background-enabled":"default","ast-page-background-meta":{"desktop":{"background-color":"var(--ast-global-color-4)","background-image":"","background-repeat":"repeat","background-position":"center center","background-size":"auto","background-attachment":"scroll","background-type":"","background-media":"","overlay-type":"","overlay-color":"","overlay-opacity":"","overlay-gradient":""},"tablet":{"background-color":"","background-image":"","background-repeat":"repeat","background-position":"center center","background-size":"auto","background-attachment":"scroll","background-type":"","background-media":"","overlay-type":"","overlay-color":"","overlay-opacity":"","overlay-gradient":""},"mobile":{"background-color":"","background-image":"","background-repeat":"repeat","background-position":"center center","background-size":"auto","background-attachment":"scroll","background-type":"","background-media":"","overlay-type":"","overlay-color":"","overlay-opacity":"","overlay-gradient":""}},"ast-content-background-meta":{"desktop":{"background-color":"var(--ast-global-color-5)","background-image":"","background-repeat":"repeat","background-position":"center center","background-size":"auto","background-attachment":"scroll","background-type":"","background-media":"","overlay-type":"","overlay-color":"","overlay-opacity":"","overlay-gradient":""},"tablet":{"background-color":"var(--ast-global-color-5)","background-image":"","background-repeat":"repeat","background-position":"center center","background-size":"auto","background-attachment":"scroll","background-type":"","background-media":"","overlay-type":"","overlay-color":"","overlay-opacity":"","overlay-gradient":""},"mobile":{"background-color":"var(--ast-global-color-5)","background-image":"","background-repeat":"repeat","background-position":"center center","background-size":"auto","background-attachment":"scroll","background-type":"","background-media":"","overlay-type":"","overlay-color":"","overlay-opacity":"","overlay-gradient":""}}},"product_brand":[],"product_cat":[59],"product_tag":[],"class_list":{"0":"post-623","1":"product","2":"type-product","3":"status-publish","4":"has-post-thumbnail","6":"product_cat-detectores-de-monoxido","7":"desktop-align-left","8":"tablet-align-left","9":"mobile-align-left","11":"first","12":"instock","13":"shipping-taxable","14":"product-type-simple"},"acf":[],"_links":{"self":[{"href":"https:\/\/contrafoc.net\/es\/wp-json\/wp\/v2\/product\/623","targetHints":{"allow":["GET"]}}],"collection":[{"href":"https:\/\/contrafoc.net\/es\/wp-json\/wp\/v2\/product"}],"about":[{"href":"https:\/\/contrafoc.net\/es\/wp-json\/wp\/v2\/types\/product"}],"wp:featuredmedia":[{"embeddable":true,"href":"https:\/\/contrafoc.net\/es\/wp-json\/wp\/v2\/media\/525"}],"wp:attachment":[{"href":"https:\/\/contrafoc.net\/es\/wp-json\/wp\/v2\/media?parent=623"}],"wp:term":[{"taxonomy":"product_brand","embeddable":true,"href":"https:\/\/contrafoc.net\/es\/wp-json\/wp\/v2\/product_brand?post=623"},{"taxonomy":"product_cat","embeddable":true,"href":"https:\/\/contrafoc.net\/es\/wp-json\/wp\/v2\/product_cat?post=623"},{"taxonomy":"product_tag","embeddable":true,"href":"https:\/\/contrafoc.net\/es\/wp-json\/wp\/v2\/product_tag?post=623"}],"curies":[{"name":"wp","href":"https:\/\/api.w.org\/{rel}","templated":true}]}}